{"id":1137,"date":"2025-01-28T12:49:45","date_gmt":"2025-01-28T12:49:45","guid":{"rendered":"https:\/\/galenoclinic.com\/estetica\/laser-hair-removal\/"},"modified":"2025-02-19T09:58:17","modified_gmt":"2025-02-19T09:58:17","slug":"laser-hair-removal","status":"publish","type":"page","link":"https:\/\/galenoclinic.com\/estetica\/en\/services\/laser-hair-removal\/","title":{"rendered":"Laser Hair Removal"},"content":{"rendered":"\t\t<div data-elementor-type=\"wp-page\" data-elementor-id=\"1137\" class=\"elementor elementor-1137 elementor-728\" data-elementor-post-type=\"page\">\n\t\t\t\t<div class=\"elementor-element elementor-element-7b6e37ad e-con-full tratamiento-container e-flex e-con e-parent\" data-id=\"7b6e37ad\" data-element_type=\"container\" interes=\"unidadCapilar\">\n\t\t<div class=\"elementor-element elementor-element-42f39f3d e-con-full e-flex e-con e-child\" data-id=\"42f39f3d\" data-element_type=\"container\" data-settings=\"{&quot;sticky&quot;:&quot;top&quot;,&quot;sticky_on&quot;:[&quot;desktop&quot;,&quot;tablet&quot;],&quot;sticky_offset&quot;:120,&quot;sticky_parent&quot;:&quot;yes&quot;,&quot;sticky_effects_offset&quot;:0,&quot;sticky_anchor_link_offset&quot;:0}\">\n\t\t\t\t<div class=\"elementor-element elementor-element-1878426c elementor-widget elementor-widget-heading\" data-id=\"1878426c\" data-element_type=\"widget\" data-widget_type=\"heading.default\">\n\t\t\t\t<div class=\"elementor-widget-container\">\n\t\t\t\t\t<h2 class=\"elementor-heading-title elementor-size-default\">Laser Hair Removal<\/h2>\t\t\t\t<\/div>\n\t\t\t\t<\/div>\n\t\t\t\t<div class=\"elementor-element elementor-element-97e7011 elementor-widget elementor-widget-text-editor\" data-id=\"97e7011\" data-element_type=\"widget\" data-widget_type=\"text-editor.default\">\n\t\t\t\t<div class=\"elementor-widget-container\">\n\t\t\t\t\t\t\t\t\t<p>If you are looking for your center to start your laser hair removal sessions do not hesitate to contact us. Our experts will customize the treatment based on your hair and skin type, as well as your lifestyle. <\/p>\t\t\t\t\t\t\t\t<\/div>\n\t\t\t\t<\/div>\n\t\t\t\t<div class=\"elementor-element elementor-element-5cfd9c41 elementor-position-left elementor-mobile-position-left elementor-vertical-align-middle elementor-view-default elementor-widget elementor-widget-icon-box\" data-id=\"5cfd9c41\" data-element_type=\"widget\" data-widget_type=\"icon-box.default\">\n\t\t\t\t<div class=\"elementor-widget-container\">\n\t\t\t\t\t\t\t<div class=\"elementor-icon-box-wrapper\">\n\n\t\t\t\t\t\t<div class=\"elementor-icon-box-icon\">\n\t\t\t\t<span  class=\"elementor-icon\">\n\t\t\t\t<svg xmlns=\"http:\/\/www.w3.org\/2000\/svg\" width=\"25\" height=\"24\" viewBox=\"0 0 25 24\" fill=\"none\"><path d=\"M23.6154 9.57692H14.9327L12.3077 1.5L9.68269 9.57692H1L8.06731 14.4231L5.34135 22.5L12.3077 17.4519L19.274 22.5L16.5481 14.4231L23.6154 9.57692Z\" stroke=\"black\" stroke-width=\"1.5\" stroke-linejoin=\"round\"><\/path><\/svg>\t\t\t\t<\/span>\n\t\t\t<\/div>\n\t\t\t\n\t\t\t\t\t\t<div class=\"elementor-icon-box-content\">\n\n\t\t\t\t\t\t\t\t\t<h3 class=\"elementor-icon-box-title\">\n\t\t\t\t\t\t<span  >\n\t\t\t\t\t\t\tFree first visit\t\t\t\t\t\t<\/span>\n\t\t\t\t\t<\/h3>\n\t\t\t\t\n\t\t\t\t\n\t\t\t<\/div>\n\t\t\t\n\t\t<\/div>\n\t\t\t\t\t\t<\/div>\n\t\t\t\t<\/div>\n\t\t\t\t<div class=\"elementor-element elementor-element-432d4f4 elementor-widget elementor-widget-button\" data-id=\"432d4f4\" data-element_type=\"widget\" data-widget_type=\"button.default\">\n\t\t\t\t<div class=\"elementor-widget-container\">\n\t\t\t\t\t\t\t\t\t<div class=\"elementor-button-wrapper\">\n\t\t\t\t\t<a class=\"elementor-button elementor-button-link elementor-size-sm\" href=\"#contacto\">\n\t\t\t\t\t\t<span class=\"elementor-button-content-wrapper\">\n\t\t\t\t\t\t\t\t\t<span class=\"elementor-button-text\">Request Information<\/span>\n\t\t\t\t\t<\/span>\n\t\t\t\t\t<\/a>\n\t\t\t\t<\/div>\n\t\t\t\t\t\t\t\t<\/div>\n\t\t\t\t<\/div>\n\t\t\t\t<\/div>\n\t\t<div class=\"elementor-element elementor-element-5573a80f e-con-full e-flex e-con e-child\" data-id=\"5573a80f\" data-element_type=\"container\">\n\t\t<div class=\"elementor-element elementor-element-98096d5 e-con-full e-flex e-con e-child\" data-id=\"98096d5\" data-element_type=\"container\" data-settings=\"{&quot;background_background&quot;:&quot;slideshow&quot;,&quot;background_slideshow_gallery&quot;:[{&quot;id&quot;:766,&quot;url&quot;:&quot;https:\\\/\\\/galenoclinic.com\\\/estetica\\\/wp-content\\\/uploads\\\/sites\\\/3\\\/2025\\\/02\\\/dep-laser-02.jpg&quot;},{&quot;id&quot;:767,&quot;url&quot;:&quot;https:\\\/\\\/galenoclinic.com\\\/estetica\\\/wp-content\\\/uploads\\\/sites\\\/3\\\/2025\\\/02\\\/dep-laser-03.jpg&quot;},{&quot;id&quot;:768,&quot;url&quot;:&quot;https:\\\/\\\/galenoclinic.com\\\/estetica\\\/wp-content\\\/uploads\\\/sites\\\/3\\\/2025\\\/02\\\/dep-laser-04.jpg&quot;},{&quot;id&quot;:769,&quot;url&quot;:&quot;https:\\\/\\\/galenoclinic.com\\\/estetica\\\/wp-content\\\/uploads\\\/sites\\\/3\\\/2025\\\/02\\\/dep-laser-01.jpg&quot;}],&quot;background_slideshow_slide_duration&quot;:3000,&quot;background_slideshow_loop&quot;:&quot;yes&quot;,&quot;background_slideshow_slide_transition&quot;:&quot;fade&quot;,&quot;background_slideshow_transition_duration&quot;:500}\">\n\t\t\t\t<\/div>\n\t\t\t\t<div class=\"elementor-element elementor-element-38f47358 elementor-widget elementor-widget-text-editor\" data-id=\"38f47358\" data-element_type=\"widget\" data-widget_type=\"text-editor.default\">\n\t\t\t\t<div class=\"elementor-widget-container\">\n\t\t\t\t\t\t\t\t\t<h5><strong>We have the best equipment for the removal of unwanted hair.<\/strong><\/h5><p><strong>Photoepilation:<br><\/strong><\/p><p>Laser hair removal or Intense Pulsed Light (IPL) photoepilation are undoubtedly the most effective, comfortable and safe methods for permanent hair removal. They are virtually painless and provide smoothness to the skin. In addition, the medical efficacy of the laser allows for the successful treatment of folliculitis (hair growth under the skin) and hirsutism (excessive hair growth).  <\/p><p>To achieve a high performance in the treatment and not cause complications (pigmentation, burns, etc.) it is necessary to know the history of each person and take into account characteristics such as skin phototypes, hair thickness, hair growth phase, age, sex, area to be depilated. This is the reason why the treatment must be performed in a medical center authorized by health since if the treatment is not performed with the appropriate laser or device and the necessary energy, what it causes is a very fine hair that will be very difficult to remove later. <\/p><p> <\/p><hr><p> <\/p><p><strong>Diode Laser &#8220;Light Sheer&#8221;:<\/strong><\/p><p>The Lightsheer uses the latest generation of diode lasers to permanently remove unwanted hair. It produces a large, concentrated beam of light. The emitted light is absorbed by the pigment located in the hair follicles. During the procedure, the laser emits pulses per fraction of a second, allowing the hair to absorb the light and heat up. The heat damages the shaft and bulb and significantly impairs their ability to regrow. In addition, it allows many follicles to be treated simultaneously, allowing for much faster treatment than traditional laser hair removal.     <\/p><p> <\/p><p> <\/p><p><strong>Session length, price and sessions will vary greatly depending on the individual patient and their needs.<\/strong><\/p>\t\t\t\t\t\t\t\t<\/div>\n\t\t\t\t<\/div>\n\t\t<div class=\"elementor-element elementor-element-24516449 e-con-full e-flex e-con e-child\" data-id=\"24516449\" data-element_type=\"container\" id=\"contacto\" data-settings=\"{&quot;background_background&quot;:&quot;classic&quot;}\">\n\t\t\t\t<div class=\"elementor-element elementor-element-2e5916f9 elementor-widget elementor-widget-heading\" data-id=\"2e5916f9\" data-element_type=\"widget\" data-widget_type=\"heading.default\">\n\t\t\t\t<div class=\"elementor-widget-container\">\n\t\t\t\t\t<h2 class=\"elementor-heading-title elementor-size-default\">Request information without obligation.<\/h2>\t\t\t\t<\/div>\n\t\t\t\t<\/div>\n\t\t\t\t<div class=\"elementor-element elementor-element-7a2731f formulario-interes-servicio elementor-button-align-stretch elementor-widget elementor-widget-global elementor-global-1904 elementor-global-1481 elementor-widget-form\" data-id=\"7a2731f\" data-element_type=\"widget\" data-settings=\"{&quot;step_next_label&quot;:&quot;Next&quot;,&quot;step_previous_label&quot;:&quot;Previous&quot;,&quot;button_width&quot;:&quot;100&quot;,&quot;step_type&quot;:&quot;number_text&quot;,&quot;step_icon_shape&quot;:&quot;circle&quot;}\" data-widget_type=\"form.default\">\n\t\t\t\t<div class=\"elementor-widget-container\">\n\t\t\t\t\t\t\t<form class=\"elementor-form\" method=\"post\" name=\"Form: General\">\n\t\t\t<input type=\"hidden\" name=\"post_id\" value=\"1137\"\/>\n\t\t\t<input type=\"hidden\" name=\"form_id\" value=\"7a2731f\"\/>\n\t\t\t<input type=\"hidden\" name=\"referer_title\" value=\"Galeno Clinic Est\u00e9tica\" \/>\n\n\t\t\t\n\t\t\t<div class=\"elementor-form-fields-wrapper elementor-labels-above\">\n\t\t\t\t\t\t\t\t<div class=\"elementor-field-type-email elementor-field-group elementor-column elementor-field-group-email elementor-col-100 elementor-field-required\">\n\t\t\t\t\t\t\t\t\t\t\t\t<label for=\"form-field-email\" class=\"elementor-field-label\">\n\t\t\t\t\t\t\t\tYour email address\t\t\t\t\t\t\t<\/label>\n\t\t\t\t\t\t\t\t\t\t\t\t\t\t<input size=\"1\" type=\"email\" name=\"form_fields[email]\" id=\"form-field-email\" class=\"elementor-field elementor-size-sm  elementor-field-textual\" placeholder=\"Your email address\" required=\"required\">\n\t\t\t\t\t\t\t\t\t\t\t<\/div>\n\t\t\t\t\t\t\t\t<div class=\"elementor-field-type-text elementor-field-group elementor-column elementor-field-group-name elementor-col-50\">\n\t\t\t\t\t\t\t\t\t\t\t\t<label for=\"form-field-name\" class=\"elementor-field-label\">\n\t\t\t\t\t\t\t\tName\t\t\t\t\t\t\t<\/label>\n\t\t\t\t\t\t\t\t\t\t\t\t\t\t<input size=\"1\" type=\"text\" name=\"form_fields[name]\" id=\"form-field-name\" class=\"elementor-field elementor-size-sm  elementor-field-textual\" placeholder=\"Name\">\n\t\t\t\t\t\t\t\t\t\t\t<\/div>\n\t\t\t\t\t\t\t\t<div class=\"elementor-field-type-text elementor-field-group elementor-column elementor-field-group-field_07de1e6 elementor-col-50\">\n\t\t\t\t\t\t\t\t\t\t\t\t<label for=\"form-field-field_07de1e6\" class=\"elementor-field-label\">\n\t\t\t\t\t\t\t\tLast name(s)\t\t\t\t\t\t\t<\/label>\n\t\t\t\t\t\t\t\t\t\t\t\t\t\t<input size=\"1\" type=\"text\" name=\"form_fields[field_07de1e6]\" id=\"form-field-field_07de1e6\" class=\"elementor-field elementor-size-sm  elementor-field-textual\" placeholder=\"Last name(s)\">\n\t\t\t\t\t\t\t\t\t\t\t<\/div>\n\t\t\t\t\t\t\t\t<div class=\"elementor-field-type-select elementor-field-group elementor-column elementor-field-group-interes_dropdown elementor-col-100\">\n\t\t\t\t\t\t\t\t\t\t\t\t<label for=\"form-field-interes_dropdown\" class=\"elementor-field-label\">\n\t\t\t\t\t\t\t\tWhich service are you interested in?\t\t\t\t\t\t\t<\/label>\n\t\t\t\t\t\t\t\t<div class=\"elementor-field elementor-select-wrapper remove-before \">\n\t\t\t<div class=\"select-caret-down-wrapper\">\n\t\t\t\t<svg aria-hidden=\"true\" class=\"e-font-icon-svg e-eicon-caret-down\" viewBox=\"0 0 571.4 571.4\" xmlns=\"http:\/\/www.w3.org\/2000\/svg\"><path d=\"M571 393Q571 407 561 418L311 668Q300 679 286 679T261 668L11 418Q0 407 0 393T11 368 36 357H536Q550 357 561 368T571 393Z\"><\/path><\/svg>\t\t\t<\/div>\n\t\t\t<select name=\"form_fields[interes_dropdown]\" id=\"form-field-interes_dropdown\" class=\"elementor-field-textual elementor-size-sm\">\n\t\t\t\t\t\t\t\t\t<option value=\"empty\">What service are you interested in?<\/option>\n\t\t\t\t\t\t\t\t\t<option value=\"blanqueamientoDental\">Dental Whitening<\/option>\n\t\t\t\t\t\t\t\t\t<option value=\"cirugiaPlastica\">Plastic Surgery<\/option>\n\t\t\t\t\t\t\t\t\t<option value=\"depilacionLaser\">Laser Hair Removal<\/option>\n\t\t\t\t\t\t\t\t\t<option value=\"nutricionYDietas\">Nutrition &amp; Diets<\/option>\n\t\t\t\t\t\t\t\t\t<option value=\"tarjetaRegalo\">Gift Card<\/option>\n\t\t\t\t\t\t\t\t\t<option value=\"tratamientosCorporales\">Body Treatments<\/option>\n\t\t\t\t\t\t\t\t\t<option value=\"tratamientosFaciales\">Facial Treatments<\/option>\n\t\t\t\t\t\t\t\t\t<option value=\"Hair Unit\">Hair Unit<\/option>\n\t\t\t\t\t\t\t\t\t<option value=\"asesoramiento\">I don&#039;t know, I need advice<\/option>\n\t\t\t\t\t\t\t<\/select>\n\t\t<\/div>\n\t\t\t\t\t\t<\/div>\n\t\t\t\t\t\t\t\t<div class=\"elementor-field-type-textarea elementor-field-group elementor-column elementor-field-group-message elementor-col-100\">\n\t\t\t\t\t\t\t\t\t\t\t\t<label for=\"form-field-message\" class=\"elementor-field-label\">\n\t\t\t\t\t\t\t\tAnything else you want to tell us?\t\t\t\t\t\t\t<\/label>\n\t\t\t\t\t\t<textarea class=\"elementor-field-textual elementor-field  elementor-size-sm\" name=\"form_fields[message]\" id=\"form-field-message\" rows=\"4\" placeholder=\"Anything else you want to tell us?\"><\/textarea>\t\t\t\t<\/div>\n\t\t\t\t\t\t\t\t<div class=\"elementor-field-type-recaptcha_v3 elementor-field-group elementor-column elementor-field-group-field_372dfdd elementor-col-100 recaptcha_v3-bottomright\">\n\t\t\t\t\t<div class=\"elementor-field\" id=\"form-field-field_372dfdd\"><div class=\"elementor-g-recaptcha\" data-sitekey=\"6LeYssUqAAAAAOrzKVXVit0Q1KU8K-FVUpdKvgO4\" data-type=\"v3\" data-action=\"Form\" data-badge=\"bottomright\" data-size=\"invisible\"><\/div><\/div>\t\t\t\t<\/div>\n\t\t\t\t\t\t\t\t<div class=\"elementor-field-type-html elementor-field-group elementor-column elementor-field-group-field_3faf34b elementor-col-100\">\n\t\t\t\t\t<small>\n<b>DATA PROTECTION:<\/b><br>In accordance with data protection regulations, we provide you with the following information on data processing:<br>Responsible: BASILIO SAFAR URFALLI<br>Purposes of processing: to maintain a business relationship and send communications of products or services<br>Rights you have: access, rectification, portability, deletion, limitation and opposition<br>More information in <a href=\"http:\/\/galenoclinic.com\/en\/privacy-policy\" target=\"_blank\">Privacy Policy<\/a>\n<\/small>\t\t\t\t<\/div>\n\t\t\t\t\t\t\t\t<div class=\"elementor-field-type-acceptance elementor-field-group elementor-column elementor-field-group-field_a721186 elementor-col-100 elementor-field-required\">\n\t\t\t\t\t\t\t<div class=\"elementor-field-subgroup\">\n\t\t\t<span class=\"elementor-field-option\">\n\t\t\t\t<input type=\"checkbox\" name=\"form_fields[field_a721186]\" id=\"form-field-field_a721186\" class=\"elementor-field elementor-size-sm  elementor-acceptance-field\" required=\"required\" checked=\"checked\">\n\t\t\t\t<label for=\"form-field-field_a721186\"><small>I agree to the processing of my data for sending communications of products or services.<\/small><\/label>\t\t\t<\/span>\n\t\t<\/div>\n\t\t\t\t\t\t<\/div>\n\t\t\t\t\t\t\t\t<div class=\"elementor-field-group elementor-column elementor-field-type-submit elementor-col-100 e-form__buttons\">\n\t\t\t\t\t<button class=\"elementor-button elementor-size-sm\" type=\"submit\">\n\t\t\t\t\t\t<span class=\"elementor-button-content-wrapper\">\n\t\t\t\t\t\t\t\t\t\t\t\t\t\t\t\t\t\t\t\t\t\t<span class=\"elementor-button-text\">Submit<\/span>\n\t\t\t\t\t\t\t\t\t\t\t\t\t<\/span>\n\t\t\t\t\t<\/button>\n\t\t\t\t<\/div>\n\t\t\t<\/div>\n\t\t<\/form>\n\t\t\t\t\t\t<\/div>\n\t\t\t\t<\/div>\n\t\t\t\t<\/div>\n\t\t\t\t<\/div>\n\t\t\t\t<\/div>\n\t\t\t\t<\/div>\n\t\t","protected":false},"excerpt":{"rendered":"<p>If you are looking for your center to start your laser hair removal sessions do not hesitate to contact us. Our experts will customize the treatment based on your hair and skin type, as well as your lifestyle. Free first visit Request Information We have the best equipment for the removal of unwanted hair. Photoepilation: [&hellip;]<\/p>\n","protected":false},"author":1,"featured_media":0,"parent":1191,"menu_order":0,"comment_status":"closed","ping_status":"closed","template":"","meta":{"footnotes":""},"class_list":["post-1137","page","type-page","status-publish","hentry"],"yoast_head":"<!-- This site is optimized with the Yoast SEO plugin v24.7 - https:\/\/yoast.com\/wordpress\/plugins\/seo\/ -->\n<title>Laser Hair Removal on Ibiza | Galeno Clinic Est\u00e9tica<\/title>\n<meta name=\"description\" content=\"Remove unwanted hair with laser hair removal at Galeno Clinic Ibiza. Safe, effective and personalized treatment.\" \/>\n<meta name=\"robots\" content=\"index, follow, max-snippet:-1, max-image-preview:large, max-video-preview:-1\" \/>\n<link rel=\"canonical\" href=\"https:\/\/galenoclinic.com\/estetica\/en\/services\/laser-hair-removal\/\" \/>\n<meta property=\"og:locale\" content=\"en_US\" \/>\n<meta property=\"og:type\" content=\"article\" \/>\n<meta property=\"og:title\" content=\"Laser Hair Removal on Ibiza | Galeno Clinic Est\u00e9tica\" \/>\n<meta property=\"og:description\" content=\"Remove unwanted hair with laser hair removal at Galeno Clinic Ibiza. Safe, effective and personalized treatment.\" \/>\n<meta property=\"og:url\" content=\"https:\/\/galenoclinic.com\/estetica\/en\/services\/laser-hair-removal\/\" \/>\n<meta property=\"og:site_name\" content=\"Galeno Clinic Est\u00e9tica\" \/>\n<meta property=\"article:publisher\" content=\"https:\/\/www.facebook.com\/GalenoClinicIbiza\/?locale=es_ES\" \/>\n<meta property=\"article:modified_time\" content=\"2025-02-19T09:58:17+00:00\" \/>\n<meta property=\"og:image\" content=\"https:\/\/galenoclinic.com\/estetica\/wp-content\/uploads\/sites\/3\/2025\/01\/estetica-galeno.png\" \/>\n\t<meta property=\"og:image:width\" content=\"900\" \/>\n\t<meta property=\"og:image:height\" content=\"600\" \/>\n\t<meta property=\"og:image:type\" content=\"image\/png\" \/>\n<meta name=\"twitter:card\" content=\"summary_large_image\" \/>\n<meta name=\"twitter:label1\" content=\"Est. reading time\" \/>\n\t<meta name=\"twitter:data1\" content=\"2 minutes\" \/>\n<script type=\"application\/ld+json\" class=\"yoast-schema-graph\">{\"@context\":\"https:\/\/schema.org\",\"@graph\":[{\"@type\":\"WebPage\",\"@id\":\"https:\/\/galenoclinic.com\/estetica\/en\/services\/laser-hair-removal\/\",\"url\":\"https:\/\/galenoclinic.com\/estetica\/en\/services\/laser-hair-removal\/\",\"name\":\"Laser Hair Removal on Ibiza | Galeno Clinic Est\u00e9tica\",\"isPartOf\":{\"@id\":\"https:\/\/galenoclinic.com\/estetica\/en\/#website\"},\"datePublished\":\"2025-01-28T12:49:45+00:00\",\"dateModified\":\"2025-02-19T09:58:17+00:00\",\"description\":\"Remove unwanted hair with laser hair removal at Galeno Clinic Ibiza. Safe, effective and personalized treatment.\",\"breadcrumb\":{\"@id\":\"https:\/\/galenoclinic.com\/estetica\/en\/services\/laser-hair-removal\/#breadcrumb\"},\"inLanguage\":\"en-US\",\"potentialAction\":[{\"@type\":\"ReadAction\",\"target\":[\"https:\/\/galenoclinic.com\/estetica\/en\/services\/laser-hair-removal\/\"]}]},{\"@type\":\"BreadcrumbList\",\"@id\":\"https:\/\/galenoclinic.com\/estetica\/en\/services\/laser-hair-removal\/#breadcrumb\",\"itemListElement\":[{\"@type\":\"ListItem\",\"position\":1,\"name\":\"Home\",\"item\":\"https:\/\/galenoclinic.com\/estetica\/en\/\"},{\"@type\":\"ListItem\",\"position\":2,\"name\":\"Services\",\"item\":\"https:\/\/galenoclinic.com\/estetica\/en\/services\/\"},{\"@type\":\"ListItem\",\"position\":3,\"name\":\"Laser Hair Removal\"}]},{\"@type\":\"WebSite\",\"@id\":\"https:\/\/galenoclinic.com\/estetica\/en\/#website\",\"url\":\"https:\/\/galenoclinic.com\/estetica\/en\/\",\"name\":\"Galeno Clinic Est\u00e9tica\",\"description\":\"Medicina y Cirug\u00eda Est\u00e9tica\",\"publisher\":{\"@id\":\"https:\/\/galenoclinic.com\/estetica\/en\/#organization\"},\"potentialAction\":[{\"@type\":\"SearchAction\",\"target\":{\"@type\":\"EntryPoint\",\"urlTemplate\":\"https:\/\/galenoclinic.com\/estetica\/en\/?s={search_term_string}\"},\"query-input\":{\"@type\":\"PropertyValueSpecification\",\"valueRequired\":true,\"valueName\":\"search_term_string\"}}],\"inLanguage\":\"en-US\"},{\"@type\":\"Organization\",\"@id\":\"https:\/\/galenoclinic.com\/estetica\/en\/#organization\",\"name\":\"Galeno Clinic Est\u00e9tica\",\"url\":\"https:\/\/galenoclinic.com\/estetica\/en\/\",\"logo\":{\"@type\":\"ImageObject\",\"inLanguage\":\"en-US\",\"@id\":\"https:\/\/galenoclinic.com\/estetica\/en\/#\/schema\/logo\/image\/\",\"url\":\"https:\/\/galenoclinic.com\/estetica\/wp-content\/uploads\/sites\/3\/2025\/01\/galenoEstetica_favicon.png\",\"contentUrl\":\"https:\/\/galenoclinic.com\/estetica\/wp-content\/uploads\/sites\/3\/2025\/01\/galenoEstetica_favicon.png\",\"width\":128,\"height\":128,\"caption\":\"Galeno Clinic Est\u00e9tica\"},\"image\":{\"@id\":\"https:\/\/galenoclinic.com\/estetica\/en\/#\/schema\/logo\/image\/\"},\"sameAs\":[\"https:\/\/www.facebook.com\/GalenoClinicIbiza\/?locale=es_ES\",\"https:\/\/www.instagram.com\/galeno_clinic_ibiza\/?hl=es\"]}]}<\/script>\n<!-- \/ Yoast SEO plugin. -->","yoast_head_json":{"title":"Laser Hair Removal on Ibiza | Galeno Clinic Est\u00e9tica","description":"Remove unwanted hair with laser hair removal at Galeno Clinic Ibiza. Safe, effective and personalized treatment.","robots":{"index":"index","follow":"follow","max-snippet":"max-snippet:-1","max-image-preview":"max-image-preview:large","max-video-preview":"max-video-preview:-1"},"canonical":"https:\/\/galenoclinic.com\/estetica\/en\/services\/laser-hair-removal\/","og_locale":"en_US","og_type":"article","og_title":"Laser Hair Removal on Ibiza | Galeno Clinic Est\u00e9tica","og_description":"Remove unwanted hair with laser hair removal at Galeno Clinic Ibiza. Safe, effective and personalized treatment.","og_url":"https:\/\/galenoclinic.com\/estetica\/en\/services\/laser-hair-removal\/","og_site_name":"Galeno Clinic Est\u00e9tica","article_publisher":"https:\/\/www.facebook.com\/GalenoClinicIbiza\/?locale=es_ES","article_modified_time":"2025-02-19T09:58:17+00:00","og_image":[{"width":900,"height":600,"url":"https:\/\/galenoclinic.com\/estetica\/wp-content\/uploads\/sites\/3\/2025\/01\/estetica-galeno.png","type":"image\/png"}],"twitter_card":"summary_large_image","twitter_misc":{"Est. reading time":"2 minutes"},"schema":{"@context":"https:\/\/schema.org","@graph":[{"@type":"WebPage","@id":"https:\/\/galenoclinic.com\/estetica\/en\/services\/laser-hair-removal\/","url":"https:\/\/galenoclinic.com\/estetica\/en\/services\/laser-hair-removal\/","name":"Laser Hair Removal on Ibiza | Galeno Clinic Est\u00e9tica","isPartOf":{"@id":"https:\/\/galenoclinic.com\/estetica\/en\/#website"},"datePublished":"2025-01-28T12:49:45+00:00","dateModified":"2025-02-19T09:58:17+00:00","description":"Remove unwanted hair with laser hair removal at Galeno Clinic Ibiza. Safe, effective and personalized treatment.","breadcrumb":{"@id":"https:\/\/galenoclinic.com\/estetica\/en\/services\/laser-hair-removal\/#breadcrumb"},"inLanguage":"en-US","potentialAction":[{"@type":"ReadAction","target":["https:\/\/galenoclinic.com\/estetica\/en\/services\/laser-hair-removal\/"]}]},{"@type":"BreadcrumbList","@id":"https:\/\/galenoclinic.com\/estetica\/en\/services\/laser-hair-removal\/#breadcrumb","itemListElement":[{"@type":"ListItem","position":1,"name":"Home","item":"https:\/\/galenoclinic.com\/estetica\/en\/"},{"@type":"ListItem","position":2,"name":"Services","item":"https:\/\/galenoclinic.com\/estetica\/en\/services\/"},{"@type":"ListItem","position":3,"name":"Laser Hair Removal"}]},{"@type":"WebSite","@id":"https:\/\/galenoclinic.com\/estetica\/en\/#website","url":"https:\/\/galenoclinic.com\/estetica\/en\/","name":"Galeno Clinic Est\u00e9tica","description":"Medicina y Cirug\u00eda Est\u00e9tica","publisher":{"@id":"https:\/\/galenoclinic.com\/estetica\/en\/#organization"},"potentialAction":[{"@type":"SearchAction","target":{"@type":"EntryPoint","urlTemplate":"https:\/\/galenoclinic.com\/estetica\/en\/?s={search_term_string}"},"query-input":{"@type":"PropertyValueSpecification","valueRequired":true,"valueName":"search_term_string"}}],"inLanguage":"en-US"},{"@type":"Organization","@id":"https:\/\/galenoclinic.com\/estetica\/en\/#organization","name":"Galeno Clinic Est\u00e9tica","url":"https:\/\/galenoclinic.com\/estetica\/en\/","logo":{"@type":"ImageObject","inLanguage":"en-US","@id":"https:\/\/galenoclinic.com\/estetica\/en\/#\/schema\/logo\/image\/","url":"https:\/\/galenoclinic.com\/estetica\/wp-content\/uploads\/sites\/3\/2025\/01\/galenoEstetica_favicon.png","contentUrl":"https:\/\/galenoclinic.com\/estetica\/wp-content\/uploads\/sites\/3\/2025\/01\/galenoEstetica_favicon.png","width":128,"height":128,"caption":"Galeno Clinic Est\u00e9tica"},"image":{"@id":"https:\/\/galenoclinic.com\/estetica\/en\/#\/schema\/logo\/image\/"},"sameAs":["https:\/\/www.facebook.com\/GalenoClinicIbiza\/?locale=es_ES","https:\/\/www.instagram.com\/galeno_clinic_ibiza\/?hl=es"]}]}},"_links":{"self":[{"href":"https:\/\/galenoclinic.com\/estetica\/en\/wp-json\/wp\/v2\/pages\/1137","targetHints":{"allow":["GET"]}}],"collection":[{"href":"https:\/\/galenoclinic.com\/estetica\/en\/wp-json\/wp\/v2\/pages"}],"about":[{"href":"https:\/\/galenoclinic.com\/estetica\/en\/wp-json\/wp\/v2\/types\/page"}],"author":[{"embeddable":true,"href":"https:\/\/galenoclinic.com\/estetica\/en\/wp-json\/wp\/v2\/users\/1"}],"replies":[{"embeddable":true,"href":"https:\/\/galenoclinic.com\/estetica\/en\/wp-json\/wp\/v2\/comments?post=1137"}],"version-history":[{"count":1,"href":"https:\/\/galenoclinic.com\/estetica\/en\/wp-json\/wp\/v2\/pages\/1137\/revisions"}],"predecessor-version":[{"id":1138,"href":"https:\/\/galenoclinic.com\/estetica\/en\/wp-json\/wp\/v2\/pages\/1137\/revisions\/1138"}],"up":[{"embeddable":true,"href":"https:\/\/galenoclinic.com\/estetica\/en\/wp-json\/wp\/v2\/pages\/1191"}],"wp:attachment":[{"href":"https:\/\/galenoclinic.com\/estetica\/en\/wp-json\/wp\/v2\/media?parent=1137"}],"curies":[{"name":"wp","href":"https:\/\/api.w.org\/{rel}","templated":true}]}}