{"id":1144,"date":"2025-01-23T13:33:00","date_gmt":"2025-01-23T13:33:00","guid":{"rendered":"https:\/\/galenoclinic.com\/estetica\/cellulite\/"},"modified":"2025-03-28T16:28:22","modified_gmt":"2025-03-28T16:28:22","slug":"cellulite","status":"publish","type":"page","link":"https:\/\/galenoclinic.com\/estetica\/en\/services\/body-treatments\/cellulite\/","title":{"rendered":"Cellulite"},"content":{"rendered":"\t\t<div data-elementor-type=\"wp-page\" data-elementor-id=\"1144\" class=\"elementor elementor-1144 elementor-118\" data-elementor-post-type=\"page\">\n\t\t\t\t<div class=\"elementor-element elementor-element-300c8d8b e-con-full tratamiento-container e-flex e-con e-parent\" data-id=\"300c8d8b\" data-element_type=\"container\" interes=\"celulitis\">\n\t\t<div class=\"elementor-element elementor-element-5c6413bb e-con-full e-flex e-con e-child\" data-id=\"5c6413bb\" data-element_type=\"container\" data-settings=\"{&quot;sticky&quot;:&quot;top&quot;,&quot;sticky_on&quot;:[&quot;desktop&quot;,&quot;tablet&quot;],&quot;sticky_offset&quot;:120,&quot;sticky_parent&quot;:&quot;yes&quot;,&quot;sticky_effects_offset&quot;:0,&quot;sticky_anchor_link_offset&quot;:0}\">\n\t\t\t\t<div class=\"elementor-element elementor-element-662a2a68 elementor-widget elementor-widget-heading\" data-id=\"662a2a68\" data-element_type=\"widget\" data-widget_type=\"heading.default\">\n\t\t\t\t<div class=\"elementor-widget-container\">\n\t\t\t\t\t<h2 class=\"elementor-heading-title elementor-size-default\">Cellulite<\/h2>\t\t\t\t<\/div>\n\t\t\t\t<\/div>\n\t\t\t\t<div class=\"elementor-element elementor-element-357645d7 elementor-position-left elementor-mobile-position-left elementor-vertical-align-middle elementor-view-default elementor-widget elementor-widget-icon-box\" data-id=\"357645d7\" data-element_type=\"widget\" data-widget_type=\"icon-box.default\">\n\t\t\t\t<div class=\"elementor-widget-container\">\n\t\t\t\t\t\t\t<div class=\"elementor-icon-box-wrapper\">\n\n\t\t\t\t\t\t<div class=\"elementor-icon-box-icon\">\n\t\t\t\t<span  class=\"elementor-icon\">\n\t\t\t\t<svg xmlns=\"http:\/\/www.w3.org\/2000\/svg\" width=\"25\" height=\"24\" viewBox=\"0 0 25 24\" fill=\"none\"><path d=\"M23.6154 9.57692H14.9327L12.3077 1.5L9.68269 9.57692H1L8.06731 14.4231L5.34135 22.5L12.3077 17.4519L19.274 22.5L16.5481 14.4231L23.6154 9.57692Z\" stroke=\"black\" stroke-width=\"1.5\" stroke-linejoin=\"round\"><\/path><\/svg>\t\t\t\t<\/span>\n\t\t\t<\/div>\n\t\t\t\n\t\t\t\t\t\t<div class=\"elementor-icon-box-content\">\n\n\t\t\t\t\t\t\t\t\t<h3 class=\"elementor-icon-box-title\">\n\t\t\t\t\t\t<span  >\n\t\t\t\t\t\t\tFree first visit\t\t\t\t\t\t<\/span>\n\t\t\t\t\t<\/h3>\n\t\t\t\t\n\t\t\t\t\n\t\t\t<\/div>\n\t\t\t\n\t\t<\/div>\n\t\t\t\t\t\t<\/div>\n\t\t\t\t<\/div>\n\t\t\t\t<div class=\"elementor-element elementor-element-49ad22f2 elementor-widget elementor-widget-button\" data-id=\"49ad22f2\" data-element_type=\"widget\" data-widget_type=\"button.default\">\n\t\t\t\t<div class=\"elementor-widget-container\">\n\t\t\t\t\t\t\t\t\t<div class=\"elementor-button-wrapper\">\n\t\t\t\t\t<a class=\"elementor-button elementor-button-link elementor-size-sm\" href=\"#contacto\">\n\t\t\t\t\t\t<span class=\"elementor-button-content-wrapper\">\n\t\t\t\t\t\t\t\t\t<span class=\"elementor-button-text\">Request Information<\/span>\n\t\t\t\t\t<\/span>\n\t\t\t\t\t<\/a>\n\t\t\t\t<\/div>\n\t\t\t\t\t\t\t\t<\/div>\n\t\t\t\t<\/div>\n\t\t\t\t<\/div>\n\t\t<div class=\"elementor-element elementor-element-bc7896f e-con-full e-flex e-con e-child\" data-id=\"bc7896f\" data-element_type=\"container\">\n\t\t<div class=\"elementor-element elementor-element-2d990e9 e-con-full e-flex e-con e-child\" data-id=\"2d990e9\" data-element_type=\"container\" data-settings=\"{&quot;background_background&quot;:&quot;slideshow&quot;,&quot;background_slideshow_gallery&quot;:[{&quot;id&quot;:830,&quot;url&quot;:&quot;https:\\\/\\\/galenoclinic.com\\\/estetica\\\/wp-content\\\/uploads\\\/sites\\\/3\\\/2025\\\/02\\\/celulitis-01.jpg&quot;},{&quot;id&quot;:800,&quot;url&quot;:&quot;https:\\\/\\\/galenoclinic.com\\\/estetica\\\/wp-content\\\/uploads\\\/sites\\\/3\\\/2025\\\/02\\\/carboxiterapia-corporal-04.jpg&quot;}],&quot;background_slideshow_slide_duration&quot;:3000,&quot;background_slideshow_loop&quot;:&quot;yes&quot;,&quot;background_slideshow_slide_transition&quot;:&quot;fade&quot;,&quot;background_slideshow_transition_duration&quot;:500}\">\n\t\t\t\t<\/div>\n\t\t\t\t<div class=\"elementor-element elementor-element-4ab4ee0b elementor-widget elementor-widget-text-editor\" data-id=\"4ab4ee0b\" data-element_type=\"widget\" data-widget_type=\"text-editor.default\">\n\t\t\t\t<div class=\"elementor-widget-container\">\n\t\t\t\t\t\t\t\t\t<p>Cellulite, the number one enemy of women. It is an inflammatory process at the level of the subcutaneous cellular tissue or fat that appears more frequently in legs, buttocks or arms. Although it is more frequent in obese or overweight women, it is true that as it is hormonally related it is also possible to see these fatty deposits in thin people.  <\/p><p>There are different types of cellulite:<\/p><ul><li><strong>Tough<\/strong>. It is usually of beginning. <\/li><li><strong>Soft or flaccid<\/strong>. It is the most frequent. <\/li><li><strong>Edematous<\/strong>, due to fluid retention, usually appears in young people.<\/li><li><strong>Lipedema:<\/strong> condition exclusive to women with an alteration in the distribution of fatty tissue and involves the lower extremities. It is usually associated with pain. <\/li><\/ul><p> <\/p><p>The treatment should be approached from several points of focus. In Galeno Clinic we have been treating this type of problem for more than 10 years, so we are experts in the evaluation and treatment of cellulite, achieving the best and most suitable results in each case. <\/p><p>Our medical staff will advise you and will advise you on the ideal treatment for each case. We always approach the problem from the inside, offering advice for a balanced diet to aesthetic medical treatments such as body mesotherapy, carboxitherapy, lymphatic drainage, Indiba radiofrequency, hydrolipoclasia&#8230; <\/p><p>The combination of a good diet, physical exercise and aesthetic medical treatments, we will erase from your body the adiposities, orange peel skin and localized fat that worries you so much.<\/p>\t\t\t\t\t\t\t\t<\/div>\n\t\t\t\t<\/div>\n\t\t<div class=\"elementor-element elementor-element-48b0b104 e-con-full e-flex e-con e-child\" data-id=\"48b0b104\" data-element_type=\"container\" id=\"contacto\" data-settings=\"{&quot;background_background&quot;:&quot;classic&quot;}\">\n\t\t\t\t<div class=\"elementor-element elementor-element-1672f0a8 elementor-widget elementor-widget-heading\" data-id=\"1672f0a8\" data-element_type=\"widget\" data-widget_type=\"heading.default\">\n\t\t\t\t<div class=\"elementor-widget-container\">\n\t\t\t\t\t<h2 class=\"elementor-heading-title elementor-size-default\">Request information without obligation.<\/h2>\t\t\t\t<\/div>\n\t\t\t\t<\/div>\n\t\t\t\t<div class=\"elementor-element elementor-element-cf96b26 formulario-interes-servicio elementor-button-align-stretch elementor-widget elementor-widget-global elementor-global-1906 elementor-global-1552 elementor-widget-form\" data-id=\"cf96b26\" data-element_type=\"widget\" data-settings=\"{&quot;step_next_label&quot;:&quot;Next&quot;,&quot;step_previous_label&quot;:&quot;Previous&quot;,&quot;button_width&quot;:&quot;100&quot;,&quot;step_type&quot;:&quot;number_text&quot;,&quot;step_icon_shape&quot;:&quot;circle&quot;}\" data-widget_type=\"form.default\">\n\t\t\t\t<div class=\"elementor-widget-container\">\n\t\t\t\t\t\t\t<form class=\"elementor-form\" method=\"post\" name=\"Body Treatments Form\">\n\t\t\t<input type=\"hidden\" name=\"post_id\" value=\"1144\"\/>\n\t\t\t<input type=\"hidden\" name=\"form_id\" value=\"cf96b26\"\/>\n\t\t\t<input type=\"hidden\" name=\"referer_title\" value=\"Galeno Clinic Est\u00e9tica\" \/>\n\n\t\t\t\n\t\t\t<div class=\"elementor-form-fields-wrapper elementor-labels-above\">\n\t\t\t\t\t\t\t\t<div class=\"elementor-field-type-email elementor-field-group elementor-column elementor-field-group-email elementor-col-100 elementor-field-required\">\n\t\t\t\t\t\t\t\t\t\t\t\t<label for=\"form-field-email\" class=\"elementor-field-label\">\n\t\t\t\t\t\t\t\tYour email address\t\t\t\t\t\t\t<\/label>\n\t\t\t\t\t\t\t\t\t\t\t\t\t\t<input size=\"1\" type=\"email\" name=\"form_fields[email]\" id=\"form-field-email\" class=\"elementor-field elementor-size-sm  elementor-field-textual\" placeholder=\"Your email address\" required=\"required\">\n\t\t\t\t\t\t\t\t\t\t\t<\/div>\n\t\t\t\t\t\t\t\t<div class=\"elementor-field-type-text elementor-field-group elementor-column elementor-field-group-name elementor-col-50\">\n\t\t\t\t\t\t\t\t\t\t\t\t<label for=\"form-field-name\" class=\"elementor-field-label\">\n\t\t\t\t\t\t\t\tName\t\t\t\t\t\t\t<\/label>\n\t\t\t\t\t\t\t\t\t\t\t\t\t\t<input size=\"1\" type=\"text\" name=\"form_fields[name]\" id=\"form-field-name\" class=\"elementor-field elementor-size-sm  elementor-field-textual\" placeholder=\"Name\">\n\t\t\t\t\t\t\t\t\t\t\t<\/div>\n\t\t\t\t\t\t\t\t<div class=\"elementor-field-type-text elementor-field-group elementor-column elementor-field-group-field_07de1e6 elementor-col-50\">\n\t\t\t\t\t\t\t\t\t\t\t\t<label for=\"form-field-field_07de1e6\" class=\"elementor-field-label\">\n\t\t\t\t\t\t\t\tLast name(s)\t\t\t\t\t\t\t<\/label>\n\t\t\t\t\t\t\t\t\t\t\t\t\t\t<input size=\"1\" type=\"text\" name=\"form_fields[field_07de1e6]\" id=\"form-field-field_07de1e6\" class=\"elementor-field elementor-size-sm  elementor-field-textual\" placeholder=\"Last name(s)\">\n\t\t\t\t\t\t\t\t\t\t\t<\/div>\n\t\t\t\t\t\t\t\t<div class=\"elementor-field-type-select elementor-field-group elementor-column elementor-field-group-interes_dropdown elementor-col-100\">\n\t\t\t\t\t\t\t\t\t\t\t\t<label for=\"form-field-interes_dropdown\" class=\"elementor-field-label\">\n\t\t\t\t\t\t\t\tWhich service are you interested in?\t\t\t\t\t\t\t<\/label>\n\t\t\t\t\t\t\t\t<div class=\"elementor-field elementor-select-wrapper remove-before \">\n\t\t\t<div class=\"select-caret-down-wrapper\">\n\t\t\t\t<svg aria-hidden=\"true\" class=\"e-font-icon-svg e-eicon-caret-down\" viewBox=\"0 0 571.4 571.4\" xmlns=\"http:\/\/www.w3.org\/2000\/svg\"><path d=\"M571 393Q571 407 561 418L311 668Q300 679 286 679T261 668L11 418Q0 407 0 393T11 368 36 357H536Q550 357 561 368T571 393Z\"><\/path><\/svg>\t\t\t<\/div>\n\t\t\t<select name=\"form_fields[interes_dropdown]\" id=\"form-field-interes_dropdown\" class=\"elementor-field-textual elementor-size-sm\">\n\t\t\t\t\t\t\t\t\t<option value=\"empty\">Select a treatment<\/option>\n\t\t\t\t\t\t\t\t\t<option value=\"celulitis\">Cellulite<\/option>\n\t\t\t\t\t\t\t\t\t<option value=\"codosYRodillas\">Elbows &amp; Knees<\/option>\n\t\t\t\t\t\t\t\t\t<option value=\"estrias\">Stretch Marks<\/option>\n\t\t\t\t\t\t\t\t\t<option value=\"flacidez\">Flaccidity<\/option>\n\t\t\t\t\t\t\t\t\t<option value=\"grasaLocalizada\">Localized Fat<\/option>\n\t\t\t\t\t\t\t\t\t<option value=\"hidrolipoclasia\">Hydrolipoclasia<\/option>\n\t\t\t\t\t\t\t\t\t<option value=\"hipersudoracion\">Hypersweating<\/option>\n\t\t\t\t\t\t\t\t\t<option value=\"mesoteriapiaCorporal\">Mesotherapy Body<\/option>\n\t\t\t\t\t\t\t\t\t<option value=\"piernasCansadas\">Tired Legs<\/option>\n\t\t\t\t\t\t\t\t\t<option value=\"rejuvenecimientoDeEscoteYManos\">D\u00e9colletage and Hands Rejuvenation<\/option>\n\t\t\t\t\t\t\t\t\t<option value=\"sculptra\">Sculptra \u00ae<\/option>\n\t\t\t\t\t\t\t\t\t<option value=\"verrugasYLunares\">Warts and Moles<\/option>\n\t\t\t\t\t\t\t\t\t<option value=\"asesoramiento\">I don&#039;t know, I need advice<\/option>\n\t\t\t\t\t\t\t<\/select>\n\t\t<\/div>\n\t\t\t\t\t\t<\/div>\n\t\t\t\t\t\t\t\t<div class=\"elementor-field-type-textarea elementor-field-group elementor-column elementor-field-group-message elementor-col-100\">\n\t\t\t\t\t\t\t\t\t\t\t\t<label for=\"form-field-message\" class=\"elementor-field-label\">\n\t\t\t\t\t\t\t\tAnything else you would like to tell us?\t\t\t\t\t\t\t<\/label>\n\t\t\t\t\t\t<textarea class=\"elementor-field-textual elementor-field  elementor-size-sm\" name=\"form_fields[message]\" id=\"form-field-message\" rows=\"4\" placeholder=\"Anything else you would like to tell us?\"><\/textarea>\t\t\t\t<\/div>\n\t\t\t\t\t\t\t\t<div class=\"elementor-field-type-recaptcha_v3 elementor-field-group elementor-column elementor-field-group-field_d42f46b elementor-col-100 recaptcha_v3-bottomright\">\n\t\t\t\t\t<div class=\"elementor-field\" id=\"form-field-field_d42f46b\"><div class=\"elementor-g-recaptcha\" data-sitekey=\"6LeYssUqAAAAAOrzKVXVit0Q1KU8K-FVUpdKvgO4\" data-type=\"v3\" data-action=\"Form\" data-badge=\"bottomright\" data-size=\"invisible\"><\/div><\/div>\t\t\t\t<\/div>\n\t\t\t\t\t\t\t\t<div class=\"elementor-field-type-html elementor-field-group elementor-column elementor-field-group-field_2b92451 elementor-col-100\">\n\t\t\t\t\t<small>\n<b>DATA PROTECTION:<\/b><br>In accordance with data protection regulations, we provide you with the following information on data processing:<br>Responsible: BASILIO SAFAR URFALLI<br>Purposes of processing: to maintain a business relationship and send communications of products or services<br>Rights you have: access, rectification, portability, deletion, limitation and opposition<br>More information in <a href=\"https:\/\/galenoclinic.com\/en\/privacy-policy\/\" target=\"_blank\">Privacy Policy<\/a>\n<\/small>\n\t\t\t\t<\/div>\n\t\t\t\t\t\t\t\t<div class=\"elementor-field-type-acceptance elementor-field-group elementor-column elementor-field-group-field_52a784b elementor-col-100 elementor-field-required\">\n\t\t\t\t\t\t\t<div class=\"elementor-field-subgroup\">\n\t\t\t<span class=\"elementor-field-option\">\n\t\t\t\t<input type=\"checkbox\" name=\"form_fields[field_52a784b]\" id=\"form-field-field_52a784b\" class=\"elementor-field elementor-size-sm  elementor-acceptance-field\" required=\"required\" checked=\"checked\">\n\t\t\t\t<label for=\"form-field-field_52a784b\"><small>I agree to the processing of my data for sending communications of products or services.<\/small><\/label>\t\t\t<\/span>\n\t\t<\/div>\n\t\t\t\t\t\t<\/div>\n\t\t\t\t\t\t\t\t<div class=\"elementor-field-group elementor-column elementor-field-type-submit elementor-col-100 e-form__buttons\">\n\t\t\t\t\t<button class=\"elementor-button elementor-size-sm\" type=\"submit\">\n\t\t\t\t\t\t<span class=\"elementor-button-content-wrapper\">\n\t\t\t\t\t\t\t\t\t\t\t\t\t\t\t\t\t\t\t\t\t\t<span class=\"elementor-button-text\">Send my request<\/span>\n\t\t\t\t\t\t\t\t\t\t\t\t\t<\/span>\n\t\t\t\t\t<\/button>\n\t\t\t\t<\/div>\n\t\t\t<\/div>\n\t\t<\/form>\n\t\t\t\t\t\t<\/div>\n\t\t\t\t<\/div>\n\t\t\t\t<\/div>\n\t\t\t\t<\/div>\n\t\t\t\t<\/div>\n\t\t\t\t<\/div>\n\t\t","protected":false},"excerpt":{"rendered":"<p>Free first visit Request Information Cellulite, the number one enemy of women. It is an inflammatory process at the level of the subcutaneous cellular tissue or fat that appears more frequently in legs, buttocks or arms. Although it is more frequent in obese or overweight women, it is true that as it is hormonally related [&hellip;]<\/p>\n","protected":false},"author":1,"featured_media":0,"parent":1177,"menu_order":0,"comment_status":"closed","ping_status":"closed","template":"","meta":{"footnotes":""},"class_list":["post-1144","page","type-page","status-publish","hentry"],"yoast_head":"<!-- This site is optimized with the Yoast SEO plugin v24.7 - https:\/\/yoast.com\/wordpress\/plugins\/seo\/ -->\n<title>Cellulite Treatment in Ibiza | Galeno Clinic<\/title>\n<meta name=\"description\" content=\"Combat cellulite in Ibiza with advanced technology and visible results from the first session.\" \/>\n<meta name=\"robots\" content=\"index, follow, max-snippet:-1, max-image-preview:large, max-video-preview:-1\" \/>\n<link rel=\"canonical\" href=\"https:\/\/galenoclinic.com\/estetica\/en\/services\/body-treatments\/cellulite\/\" \/>\n<meta property=\"og:locale\" content=\"en_US\" \/>\n<meta property=\"og:type\" content=\"article\" \/>\n<meta property=\"og:title\" content=\"Cellulite Treatment in Ibiza | Galeno Clinic\" \/>\n<meta property=\"og:description\" content=\"Combat cellulite in Ibiza with advanced technology and visible results from the first session.\" \/>\n<meta property=\"og:url\" content=\"https:\/\/galenoclinic.com\/estetica\/en\/services\/body-treatments\/cellulite\/\" \/>\n<meta property=\"og:site_name\" content=\"Galeno Clinic Est\u00e9tica\" \/>\n<meta property=\"article:publisher\" content=\"https:\/\/www.facebook.com\/GalenoClinicIbiza\/?locale=es_ES\" \/>\n<meta property=\"article:modified_time\" content=\"2025-03-28T16:28:22+00:00\" \/>\n<meta property=\"og:image\" content=\"https:\/\/galenoclinic.com\/estetica\/wp-content\/uploads\/sites\/3\/2025\/01\/estetica-galeno.png\" \/>\n\t<meta property=\"og:image:width\" content=\"900\" \/>\n\t<meta property=\"og:image:height\" content=\"600\" \/>\n\t<meta property=\"og:image:type\" content=\"image\/png\" \/>\n<meta name=\"twitter:card\" content=\"summary_large_image\" \/>\n<meta name=\"twitter:label1\" content=\"Est. reading time\" \/>\n\t<meta name=\"twitter:data1\" content=\"1 minute\" \/>\n<script type=\"application\/ld+json\" class=\"yoast-schema-graph\">{\"@context\":\"https:\/\/schema.org\",\"@graph\":[{\"@type\":\"WebPage\",\"@id\":\"https:\/\/galenoclinic.com\/estetica\/en\/services\/body-treatments\/cellulite\/\",\"url\":\"https:\/\/galenoclinic.com\/estetica\/en\/services\/body-treatments\/cellulite\/\",\"name\":\"Cellulite Treatment in Ibiza | Galeno Clinic\",\"isPartOf\":{\"@id\":\"https:\/\/galenoclinic.com\/estetica\/en\/#website\"},\"datePublished\":\"2025-01-23T13:33:00+00:00\",\"dateModified\":\"2025-03-28T16:28:22+00:00\",\"description\":\"Combat cellulite in Ibiza with advanced technology and visible results from the first session.\",\"breadcrumb\":{\"@id\":\"https:\/\/galenoclinic.com\/estetica\/en\/services\/body-treatments\/cellulite\/#breadcrumb\"},\"inLanguage\":\"en-US\",\"potentialAction\":[{\"@type\":\"ReadAction\",\"target\":[\"https:\/\/galenoclinic.com\/estetica\/en\/services\/body-treatments\/cellulite\/\"]}]},{\"@type\":\"BreadcrumbList\",\"@id\":\"https:\/\/galenoclinic.com\/estetica\/en\/services\/body-treatments\/cellulite\/#breadcrumb\",\"itemListElement\":[{\"@type\":\"ListItem\",\"position\":1,\"name\":\"Home\",\"item\":\"https:\/\/galenoclinic.com\/estetica\/en\/\"},{\"@type\":\"ListItem\",\"position\":2,\"name\":\"Services\",\"item\":\"https:\/\/galenoclinic.com\/estetica\/en\/services\/\"},{\"@type\":\"ListItem\",\"position\":3,\"name\":\"Body Treatments\",\"item\":\"https:\/\/galenoclinic.com\/estetica\/en\/services\/body-treatments\/\"},{\"@type\":\"ListItem\",\"position\":4,\"name\":\"Cellulite\"}]},{\"@type\":\"WebSite\",\"@id\":\"https:\/\/galenoclinic.com\/estetica\/en\/#website\",\"url\":\"https:\/\/galenoclinic.com\/estetica\/en\/\",\"name\":\"Galeno Clinic Est\u00e9tica\",\"description\":\"Medicina y Cirug\u00eda Est\u00e9tica\",\"publisher\":{\"@id\":\"https:\/\/galenoclinic.com\/estetica\/en\/#organization\"},\"potentialAction\":[{\"@type\":\"SearchAction\",\"target\":{\"@type\":\"EntryPoint\",\"urlTemplate\":\"https:\/\/galenoclinic.com\/estetica\/en\/?s={search_term_string}\"},\"query-input\":{\"@type\":\"PropertyValueSpecification\",\"valueRequired\":true,\"valueName\":\"search_term_string\"}}],\"inLanguage\":\"en-US\"},{\"@type\":\"Organization\",\"@id\":\"https:\/\/galenoclinic.com\/estetica\/en\/#organization\",\"name\":\"Galeno Clinic Est\u00e9tica\",\"url\":\"https:\/\/galenoclinic.com\/estetica\/en\/\",\"logo\":{\"@type\":\"ImageObject\",\"inLanguage\":\"en-US\",\"@id\":\"https:\/\/galenoclinic.com\/estetica\/en\/#\/schema\/logo\/image\/\",\"url\":\"https:\/\/galenoclinic.com\/estetica\/wp-content\/uploads\/sites\/3\/2025\/01\/galenoEstetica_favicon.png\",\"contentUrl\":\"https:\/\/galenoclinic.com\/estetica\/wp-content\/uploads\/sites\/3\/2025\/01\/galenoEstetica_favicon.png\",\"width\":128,\"height\":128,\"caption\":\"Galeno Clinic Est\u00e9tica\"},\"image\":{\"@id\":\"https:\/\/galenoclinic.com\/estetica\/en\/#\/schema\/logo\/image\/\"},\"sameAs\":[\"https:\/\/www.facebook.com\/GalenoClinicIbiza\/?locale=es_ES\",\"https:\/\/www.instagram.com\/galeno_clinic_ibiza\/?hl=es\"]}]}<\/script>\n<!-- \/ Yoast SEO plugin. -->","yoast_head_json":{"title":"Cellulite Treatment in Ibiza | Galeno Clinic","description":"Combat cellulite in Ibiza with advanced technology and visible results from the first session.","robots":{"index":"index","follow":"follow","max-snippet":"max-snippet:-1","max-image-preview":"max-image-preview:large","max-video-preview":"max-video-preview:-1"},"canonical":"https:\/\/galenoclinic.com\/estetica\/en\/services\/body-treatments\/cellulite\/","og_locale":"en_US","og_type":"article","og_title":"Cellulite Treatment in Ibiza | Galeno Clinic","og_description":"Combat cellulite in Ibiza with advanced technology and visible results from the first session.","og_url":"https:\/\/galenoclinic.com\/estetica\/en\/services\/body-treatments\/cellulite\/","og_site_name":"Galeno Clinic Est\u00e9tica","article_publisher":"https:\/\/www.facebook.com\/GalenoClinicIbiza\/?locale=es_ES","article_modified_time":"2025-03-28T16:28:22+00:00","og_image":[{"width":900,"height":600,"url":"https:\/\/galenoclinic.com\/estetica\/wp-content\/uploads\/sites\/3\/2025\/01\/estetica-galeno.png","type":"image\/png"}],"twitter_card":"summary_large_image","twitter_misc":{"Est. reading time":"1 minute"},"schema":{"@context":"https:\/\/schema.org","@graph":[{"@type":"WebPage","@id":"https:\/\/galenoclinic.com\/estetica\/en\/services\/body-treatments\/cellulite\/","url":"https:\/\/galenoclinic.com\/estetica\/en\/services\/body-treatments\/cellulite\/","name":"Cellulite Treatment in Ibiza | Galeno Clinic","isPartOf":{"@id":"https:\/\/galenoclinic.com\/estetica\/en\/#website"},"datePublished":"2025-01-23T13:33:00+00:00","dateModified":"2025-03-28T16:28:22+00:00","description":"Combat cellulite in Ibiza with advanced technology and visible results from the first session.","breadcrumb":{"@id":"https:\/\/galenoclinic.com\/estetica\/en\/services\/body-treatments\/cellulite\/#breadcrumb"},"inLanguage":"en-US","potentialAction":[{"@type":"ReadAction","target":["https:\/\/galenoclinic.com\/estetica\/en\/services\/body-treatments\/cellulite\/"]}]},{"@type":"BreadcrumbList","@id":"https:\/\/galenoclinic.com\/estetica\/en\/services\/body-treatments\/cellulite\/#breadcrumb","itemListElement":[{"@type":"ListItem","position":1,"name":"Home","item":"https:\/\/galenoclinic.com\/estetica\/en\/"},{"@type":"ListItem","position":2,"name":"Services","item":"https:\/\/galenoclinic.com\/estetica\/en\/services\/"},{"@type":"ListItem","position":3,"name":"Body Treatments","item":"https:\/\/galenoclinic.com\/estetica\/en\/services\/body-treatments\/"},{"@type":"ListItem","position":4,"name":"Cellulite"}]},{"@type":"WebSite","@id":"https:\/\/galenoclinic.com\/estetica\/en\/#website","url":"https:\/\/galenoclinic.com\/estetica\/en\/","name":"Galeno Clinic Est\u00e9tica","description":"Medicina y Cirug\u00eda Est\u00e9tica","publisher":{"@id":"https:\/\/galenoclinic.com\/estetica\/en\/#organization"},"potentialAction":[{"@type":"SearchAction","target":{"@type":"EntryPoint","urlTemplate":"https:\/\/galenoclinic.com\/estetica\/en\/?s={search_term_string}"},"query-input":{"@type":"PropertyValueSpecification","valueRequired":true,"valueName":"search_term_string"}}],"inLanguage":"en-US"},{"@type":"Organization","@id":"https:\/\/galenoclinic.com\/estetica\/en\/#organization","name":"Galeno Clinic Est\u00e9tica","url":"https:\/\/galenoclinic.com\/estetica\/en\/","logo":{"@type":"ImageObject","inLanguage":"en-US","@id":"https:\/\/galenoclinic.com\/estetica\/en\/#\/schema\/logo\/image\/","url":"https:\/\/galenoclinic.com\/estetica\/wp-content\/uploads\/sites\/3\/2025\/01\/galenoEstetica_favicon.png","contentUrl":"https:\/\/galenoclinic.com\/estetica\/wp-content\/uploads\/sites\/3\/2025\/01\/galenoEstetica_favicon.png","width":128,"height":128,"caption":"Galeno Clinic Est\u00e9tica"},"image":{"@id":"https:\/\/galenoclinic.com\/estetica\/en\/#\/schema\/logo\/image\/"},"sameAs":["https:\/\/www.facebook.com\/GalenoClinicIbiza\/?locale=es_ES","https:\/\/www.instagram.com\/galeno_clinic_ibiza\/?hl=es"]}]}},"_links":{"self":[{"href":"https:\/\/galenoclinic.com\/estetica\/en\/wp-json\/wp\/v2\/pages\/1144","targetHints":{"allow":["GET"]}}],"collection":[{"href":"https:\/\/galenoclinic.com\/estetica\/en\/wp-json\/wp\/v2\/pages"}],"about":[{"href":"https:\/\/galenoclinic.com\/estetica\/en\/wp-json\/wp\/v2\/types\/page"}],"author":[{"embeddable":true,"href":"https:\/\/galenoclinic.com\/estetica\/en\/wp-json\/wp\/v2\/users\/1"}],"replies":[{"embeddable":true,"href":"https:\/\/galenoclinic.com\/estetica\/en\/wp-json\/wp\/v2\/comments?post=1144"}],"version-history":[{"count":3,"href":"https:\/\/galenoclinic.com\/estetica\/en\/wp-json\/wp\/v2\/pages\/1144\/revisions"}],"predecessor-version":[{"id":1822,"href":"https:\/\/galenoclinic.com\/estetica\/en\/wp-json\/wp\/v2\/pages\/1144\/revisions\/1822"}],"up":[{"embeddable":true,"href":"https:\/\/galenoclinic.com\/estetica\/en\/wp-json\/wp\/v2\/pages\/1177"}],"wp:attachment":[{"href":"https:\/\/galenoclinic.com\/estetica\/en\/wp-json\/wp\/v2\/media?parent=1144"}],"curies":[{"name":"wp","href":"https:\/\/api.w.org\/{rel}","templated":true}]}}