{"id":1183,"date":"2025-01-23T13:22:29","date_gmt":"2025-01-23T13:22:29","guid":{"rendered":"https:\/\/galenoclinic.com\/estetica\/plastic-surgery\/"},"modified":"2025-03-24T10:27:22","modified_gmt":"2025-03-24T10:27:22","slug":"plastic-surgery","status":"publish","type":"page","link":"https:\/\/galenoclinic.com\/estetica\/en\/services\/plastic-surgery\/","title":{"rendered":"Plastic Surgery"},"content":{"rendered":"\t\t<div data-elementor-type=\"wp-page\" data-elementor-id=\"1183\" class=\"elementor elementor-1183 elementor-72\" data-elementor-post-type=\"page\">\n\t\t\t\t<div class=\"elementor-element elementor-element-742603c0 e-con-full tratamiento-container e-flex e-con e-parent\" data-id=\"742603c0\" data-element_type=\"container\" interes=\"cirugiaPlastica\">\n\t\t<div class=\"elementor-element elementor-element-5cb8f516 e-con-full e-flex e-con e-child\" data-id=\"5cb8f516\" data-element_type=\"container\" data-settings=\"{&quot;sticky&quot;:&quot;top&quot;,&quot;sticky_on&quot;:[&quot;desktop&quot;,&quot;tablet&quot;],&quot;sticky_offset&quot;:120,&quot;sticky_parent&quot;:&quot;yes&quot;,&quot;sticky_effects_offset&quot;:0,&quot;sticky_anchor_link_offset&quot;:0}\">\n\t\t\t\t<div class=\"elementor-element elementor-element-756fe336 elementor-widget elementor-widget-heading\" data-id=\"756fe336\" data-element_type=\"widget\" data-widget_type=\"heading.default\">\n\t\t\t\t<div class=\"elementor-widget-container\">\n\t\t\t\t\t<h2 class=\"elementor-heading-title elementor-size-default\">Plastic Surgery<\/h2>\t\t\t\t<\/div>\n\t\t\t\t<\/div>\n\t\t\t\t<div class=\"elementor-element elementor-element-5f8fb3f3 elementor-position-left elementor-mobile-position-left elementor-vertical-align-middle elementor-view-default elementor-widget elementor-widget-icon-box\" data-id=\"5f8fb3f3\" data-element_type=\"widget\" data-widget_type=\"icon-box.default\">\n\t\t\t\t<div class=\"elementor-widget-container\">\n\t\t\t\t\t\t\t<div class=\"elementor-icon-box-wrapper\">\n\n\t\t\t\t\t\t<div class=\"elementor-icon-box-icon\">\n\t\t\t\t<span  class=\"elementor-icon\">\n\t\t\t\t<svg xmlns=\"http:\/\/www.w3.org\/2000\/svg\" width=\"25\" height=\"24\" viewBox=\"0 0 25 24\" fill=\"none\"><path d=\"M23.6154 9.57692H14.9327L12.3077 1.5L9.68269 9.57692H1L8.06731 14.4231L5.34135 22.5L12.3077 17.4519L19.274 22.5L16.5481 14.4231L23.6154 9.57692Z\" stroke=\"black\" stroke-width=\"1.5\" stroke-linejoin=\"round\"><\/path><\/svg>\t\t\t\t<\/span>\n\t\t\t<\/div>\n\t\t\t\n\t\t\t\t\t\t<div class=\"elementor-icon-box-content\">\n\n\t\t\t\t\t\t\t\t\t<h3 class=\"elementor-icon-box-title\">\n\t\t\t\t\t\t<span  >\n\t\t\t\t\t\t\tFree first visit\t\t\t\t\t\t<\/span>\n\t\t\t\t\t<\/h3>\n\t\t\t\t\n\t\t\t\t\n\t\t\t<\/div>\n\t\t\t\n\t\t<\/div>\n\t\t\t\t\t\t<\/div>\n\t\t\t\t<\/div>\n\t\t\t\t<div class=\"elementor-element elementor-element-3e625d8b elementor-widget elementor-widget-button\" data-id=\"3e625d8b\" data-element_type=\"widget\" data-widget_type=\"button.default\">\n\t\t\t\t<div class=\"elementor-widget-container\">\n\t\t\t\t\t\t\t\t\t<div class=\"elementor-button-wrapper\">\n\t\t\t\t\t<a class=\"elementor-button elementor-button-link elementor-size-sm\" href=\"#contacto\">\n\t\t\t\t\t\t<span class=\"elementor-button-content-wrapper\">\n\t\t\t\t\t\t\t\t\t<span class=\"elementor-button-text\">Request Information<\/span>\n\t\t\t\t\t<\/span>\n\t\t\t\t\t<\/a>\n\t\t\t\t<\/div>\n\t\t\t\t\t\t\t\t<\/div>\n\t\t\t\t<\/div>\n\t\t\t\t<\/div>\n\t\t<div class=\"elementor-element elementor-element-458c2ba5 e-con-full e-flex e-con e-child\" data-id=\"458c2ba5\" data-element_type=\"container\">\n\t\t\t\t<div class=\"elementor-element elementor-element-3651756a elementor-widget elementor-widget-image\" data-id=\"3651756a\" data-element_type=\"widget\" data-widget_type=\"image.default\">\n\t\t\t\t<div class=\"elementor-widget-container\">\n\t\t\t\t\t\t\t\t\t\t\t\t\t\t\t<img fetchpriority=\"high\" decoding=\"async\" width=\"1460\" height=\"1024\" src=\"https:\/\/galenoclinic.com\/estetica\/wp-content\/uploads\/sites\/3\/2025\/02\/equipo-quirurgico-1460x1024-1.jpeg\" class=\"attachment-full size-full wp-image-838\" alt=\"\" srcset=\"https:\/\/galenoclinic.com\/estetica\/wp-content\/uploads\/sites\/3\/2025\/02\/equipo-quirurgico-1460x1024-1.jpeg 1460w, https:\/\/galenoclinic.com\/estetica\/wp-content\/uploads\/sites\/3\/2025\/02\/equipo-quirurgico-1460x1024-1-300x210.jpeg 300w, https:\/\/galenoclinic.com\/estetica\/wp-content\/uploads\/sites\/3\/2025\/02\/equipo-quirurgico-1460x1024-1-1024x718.jpeg 1024w, https:\/\/galenoclinic.com\/estetica\/wp-content\/uploads\/sites\/3\/2025\/02\/equipo-quirurgico-1460x1024-1-768x539.jpeg 768w\" sizes=\"(max-width: 1460px) 100vw, 1460px\" \/>\t\t\t\t\t\t\t\t\t\t\t\t\t\t\t<\/div>\n\t\t\t\t<\/div>\n\t\t\t\t<div class=\"elementor-element elementor-element-50c66982 elementor-widget elementor-widget-text-editor\" data-id=\"50c66982\" data-element_type=\"widget\" data-widget_type=\"text-editor.default\">\n\t\t\t\t<div class=\"elementor-widget-container\">\n\t\t\t\t\t\t\t\t\t<h5><strong>Plastic surgery from the hand of Dr. Agust\u00edn Blanch<\/strong><\/h5><p>Medical Specialist in Plastic, Aesthetic and Reconstructive Surgery at the University of Milan (Italy). Obtained first place in the &#8220;Italian National Competitive Examination&#8221; to study the Specialty of Plastic, Aesthetic and Reconstructive Surgery with a scholarship from the Italian Ministry of Universities at the University of Milan, being the first non-Italian member of the European Economic Community to do so. <\/p><p>Dr. Blanch is also a renowned Professor since 2006 at the Universit\u00e0 Degli Studi di Milano, Catedra di Chirurgia Plastica ed Recosttrutiva.<br><br>Expert in facial aesthetic surgery and facial aesthetic medicine, pioneer of EarFold technique otoplasty without surgery.<\/p><p> <\/p><h5><strong>Specialty in:<\/strong><\/h5><ul><li>Blepharoplasty<\/li><li>Rhinoplasty<\/li><li>Breast augmentation<\/li><li>Lipolaser<\/li><li>Facial rejuvenation<\/li><li>Gynecomastia<\/li><\/ul><p> <\/p><p>Visit <a href=\"https:\/\/www.doctorblanch.com\/\">https:\/\/www.doctorblanch.com\/<\/a> for more information.<\/p>\t\t\t\t\t\t\t\t<\/div>\n\t\t\t\t<\/div>\n\t\t<div class=\"elementor-element elementor-element-1141057d e-con-full e-flex e-con e-child\" data-id=\"1141057d\" data-element_type=\"container\" id=\"contacto\" data-settings=\"{&quot;background_background&quot;:&quot;classic&quot;}\">\n\t\t\t\t<div class=\"elementor-element elementor-element-50ea3608 elementor-widget elementor-widget-heading\" data-id=\"50ea3608\" data-element_type=\"widget\" data-widget_type=\"heading.default\">\n\t\t\t\t<div class=\"elementor-widget-container\">\n\t\t\t\t\t<h2 class=\"elementor-heading-title elementor-size-default\">Request information without obligation.<\/h2>\t\t\t\t<\/div>\n\t\t\t\t<\/div>\n\t\t\t\t<div class=\"elementor-element elementor-element-b808d39 formulario-interes-servicio elementor-button-align-stretch elementor-widget elementor-widget-global elementor-global-1904 elementor-global-1481 elementor-widget-form\" data-id=\"b808d39\" data-element_type=\"widget\" data-settings=\"{&quot;step_next_label&quot;:&quot;Next&quot;,&quot;step_previous_label&quot;:&quot;Previous&quot;,&quot;button_width&quot;:&quot;100&quot;,&quot;step_type&quot;:&quot;number_text&quot;,&quot;step_icon_shape&quot;:&quot;circle&quot;}\" data-widget_type=\"form.default\">\n\t\t\t\t<div class=\"elementor-widget-container\">\n\t\t\t\t\t\t\t<form class=\"elementor-form\" method=\"post\" name=\"Form: General\">\n\t\t\t<input type=\"hidden\" name=\"post_id\" value=\"1183\"\/>\n\t\t\t<input type=\"hidden\" name=\"form_id\" value=\"b808d39\"\/>\n\t\t\t<input type=\"hidden\" name=\"referer_title\" value=\"Galeno Clinic Est\u00e9tica\" \/>\n\n\t\t\t\n\t\t\t<div class=\"elementor-form-fields-wrapper elementor-labels-above\">\n\t\t\t\t\t\t\t\t<div class=\"elementor-field-type-email elementor-field-group elementor-column elementor-field-group-email elementor-col-100 elementor-field-required\">\n\t\t\t\t\t\t\t\t\t\t\t\t<label for=\"form-field-email\" class=\"elementor-field-label\">\n\t\t\t\t\t\t\t\tYour email address\t\t\t\t\t\t\t<\/label>\n\t\t\t\t\t\t\t\t\t\t\t\t\t\t<input size=\"1\" type=\"email\" name=\"form_fields[email]\" id=\"form-field-email\" class=\"elementor-field elementor-size-sm  elementor-field-textual\" placeholder=\"Your email address\" required=\"required\">\n\t\t\t\t\t\t\t\t\t\t\t<\/div>\n\t\t\t\t\t\t\t\t<div class=\"elementor-field-type-text elementor-field-group elementor-column elementor-field-group-name elementor-col-50\">\n\t\t\t\t\t\t\t\t\t\t\t\t<label for=\"form-field-name\" class=\"elementor-field-label\">\n\t\t\t\t\t\t\t\tName\t\t\t\t\t\t\t<\/label>\n\t\t\t\t\t\t\t\t\t\t\t\t\t\t<input size=\"1\" type=\"text\" name=\"form_fields[name]\" id=\"form-field-name\" class=\"elementor-field elementor-size-sm  elementor-field-textual\" placeholder=\"Name\">\n\t\t\t\t\t\t\t\t\t\t\t<\/div>\n\t\t\t\t\t\t\t\t<div class=\"elementor-field-type-text elementor-field-group elementor-column elementor-field-group-field_07de1e6 elementor-col-50\">\n\t\t\t\t\t\t\t\t\t\t\t\t<label for=\"form-field-field_07de1e6\" class=\"elementor-field-label\">\n\t\t\t\t\t\t\t\tLast name(s)\t\t\t\t\t\t\t<\/label>\n\t\t\t\t\t\t\t\t\t\t\t\t\t\t<input size=\"1\" type=\"text\" name=\"form_fields[field_07de1e6]\" id=\"form-field-field_07de1e6\" class=\"elementor-field elementor-size-sm  elementor-field-textual\" placeholder=\"Last name(s)\">\n\t\t\t\t\t\t\t\t\t\t\t<\/div>\n\t\t\t\t\t\t\t\t<div class=\"elementor-field-type-select elementor-field-group elementor-column elementor-field-group-interes_dropdown elementor-col-100\">\n\t\t\t\t\t\t\t\t\t\t\t\t<label for=\"form-field-interes_dropdown\" class=\"elementor-field-label\">\n\t\t\t\t\t\t\t\tWhich service are you interested in?\t\t\t\t\t\t\t<\/label>\n\t\t\t\t\t\t\t\t<div class=\"elementor-field elementor-select-wrapper remove-before \">\n\t\t\t<div class=\"select-caret-down-wrapper\">\n\t\t\t\t<svg aria-hidden=\"true\" class=\"e-font-icon-svg e-eicon-caret-down\" viewBox=\"0 0 571.4 571.4\" xmlns=\"http:\/\/www.w3.org\/2000\/svg\"><path d=\"M571 393Q571 407 561 418L311 668Q300 679 286 679T261 668L11 418Q0 407 0 393T11 368 36 357H536Q550 357 561 368T571 393Z\"><\/path><\/svg>\t\t\t<\/div>\n\t\t\t<select name=\"form_fields[interes_dropdown]\" id=\"form-field-interes_dropdown\" class=\"elementor-field-textual elementor-size-sm\">\n\t\t\t\t\t\t\t\t\t<option value=\"empty\">What service are you interested in?<\/option>\n\t\t\t\t\t\t\t\t\t<option value=\"blanqueamientoDental\">Dental Whitening<\/option>\n\t\t\t\t\t\t\t\t\t<option value=\"cirugiaPlastica\">Plastic Surgery<\/option>\n\t\t\t\t\t\t\t\t\t<option value=\"depilacionLaser\">Laser Hair Removal<\/option>\n\t\t\t\t\t\t\t\t\t<option value=\"nutricionYDietas\">Nutrition &amp; Diets<\/option>\n\t\t\t\t\t\t\t\t\t<option value=\"tarjetaRegalo\">Gift Card<\/option>\n\t\t\t\t\t\t\t\t\t<option value=\"tratamientosCorporales\">Body Treatments<\/option>\n\t\t\t\t\t\t\t\t\t<option value=\"tratamientosFaciales\">Facial Treatments<\/option>\n\t\t\t\t\t\t\t\t\t<option value=\"Hair Unit\">Hair Unit<\/option>\n\t\t\t\t\t\t\t\t\t<option value=\"asesoramiento\">I don&#039;t know, I need advice<\/option>\n\t\t\t\t\t\t\t<\/select>\n\t\t<\/div>\n\t\t\t\t\t\t<\/div>\n\t\t\t\t\t\t\t\t<div class=\"elementor-field-type-textarea elementor-field-group elementor-column elementor-field-group-message elementor-col-100\">\n\t\t\t\t\t\t\t\t\t\t\t\t<label for=\"form-field-message\" class=\"elementor-field-label\">\n\t\t\t\t\t\t\t\tAnything else you want to tell us?\t\t\t\t\t\t\t<\/label>\n\t\t\t\t\t\t<textarea class=\"elementor-field-textual elementor-field  elementor-size-sm\" name=\"form_fields[message]\" id=\"form-field-message\" rows=\"4\" placeholder=\"Anything else you want to tell us?\"><\/textarea>\t\t\t\t<\/div>\n\t\t\t\t\t\t\t\t<div class=\"elementor-field-type-recaptcha_v3 elementor-field-group elementor-column elementor-field-group-field_372dfdd elementor-col-100 recaptcha_v3-bottomright\">\n\t\t\t\t\t<div class=\"elementor-field\" id=\"form-field-field_372dfdd\"><div class=\"elementor-g-recaptcha\" data-sitekey=\"6LeYssUqAAAAAOrzKVXVit0Q1KU8K-FVUpdKvgO4\" data-type=\"v3\" data-action=\"Form\" data-badge=\"bottomright\" data-size=\"invisible\"><\/div><\/div>\t\t\t\t<\/div>\n\t\t\t\t\t\t\t\t<div class=\"elementor-field-type-html elementor-field-group elementor-column elementor-field-group-field_3faf34b elementor-col-100\">\n\t\t\t\t\t<small>\n<b>DATA PROTECTION:<\/b><br>In accordance with data protection regulations, we provide you with the following information on data processing:<br>Responsible: BASILIO SAFAR URFALLI<br>Purposes of processing: to maintain a business relationship and send communications of products or services<br>Rights you have: access, rectification, portability, deletion, limitation and opposition<br>More information in <a href=\"http:\/\/galenoclinic.com\/en\/privacy-policy\" target=\"_blank\">Privacy Policy<\/a>\n<\/small>\t\t\t\t<\/div>\n\t\t\t\t\t\t\t\t<div class=\"elementor-field-type-acceptance elementor-field-group elementor-column elementor-field-group-field_a721186 elementor-col-100 elementor-field-required\">\n\t\t\t\t\t\t\t<div class=\"elementor-field-subgroup\">\n\t\t\t<span class=\"elementor-field-option\">\n\t\t\t\t<input type=\"checkbox\" name=\"form_fields[field_a721186]\" id=\"form-field-field_a721186\" class=\"elementor-field elementor-size-sm  elementor-acceptance-field\" required=\"required\" checked=\"checked\">\n\t\t\t\t<label for=\"form-field-field_a721186\"><small>I agree to the processing of my data for sending communications of products or services.<\/small><\/label>\t\t\t<\/span>\n\t\t<\/div>\n\t\t\t\t\t\t<\/div>\n\t\t\t\t\t\t\t\t<div class=\"elementor-field-group elementor-column elementor-field-type-submit elementor-col-100 e-form__buttons\">\n\t\t\t\t\t<button class=\"elementor-button elementor-size-sm\" type=\"submit\">\n\t\t\t\t\t\t<span class=\"elementor-button-content-wrapper\">\n\t\t\t\t\t\t\t\t\t\t\t\t\t\t\t\t\t\t\t\t\t\t<span class=\"elementor-button-text\">Submit<\/span>\n\t\t\t\t\t\t\t\t\t\t\t\t\t<\/span>\n\t\t\t\t\t<\/button>\n\t\t\t\t<\/div>\n\t\t\t<\/div>\n\t\t<\/form>\n\t\t\t\t\t\t<\/div>\n\t\t\t\t<\/div>\n\t\t\t\t<\/div>\n\t\t\t\t<\/div>\n\t\t\t\t<\/div>\n\t\t\t\t<\/div>\n\t\t","protected":false},"excerpt":{"rendered":"<p>Free first visit Request Information Plastic surgery from the hand of Dr. Agust\u00edn Blanch Medical Specialist in Plastic, Aesthetic and Reconstructive Surgery at the University of Milan (Italy). Obtained first place in the &#8220;Italian National Competitive Examination&#8221; to study the Specialty of Plastic, Aesthetic and Reconstructive Surgery with a scholarship from the Italian Ministry of [&hellip;]<\/p>\n","protected":false},"author":1,"featured_media":0,"parent":1191,"menu_order":0,"comment_status":"closed","ping_status":"closed","template":"","meta":{"footnotes":""},"class_list":["post-1183","page","type-page","status-publish","hentry"],"yoast_head":"<!-- This site is optimized with the Yoast SEO plugin v24.7 - https:\/\/yoast.com\/wordpress\/plugins\/seo\/ -->\n<title>Plastic Surgery | Galeno Clinic Est\u00e9tica Ibiza<\/title>\n<meta name=\"description\" content=\"Plastic surgery in Ibiza with natural and safe results. First consultation free of charge.\" \/>\n<meta name=\"robots\" content=\"index, follow, max-snippet:-1, max-image-preview:large, max-video-preview:-1\" \/>\n<link rel=\"canonical\" href=\"https:\/\/galenoclinic.com\/estetica\/en\/services\/plastic-surgery\/\" \/>\n<meta property=\"og:locale\" content=\"en_US\" \/>\n<meta property=\"og:type\" content=\"article\" \/>\n<meta property=\"og:title\" content=\"Plastic Surgery | Galeno Clinic Est\u00e9tica Ibiza\" \/>\n<meta property=\"og:description\" content=\"Plastic surgery in Ibiza with natural and safe results. First consultation free of charge.\" \/>\n<meta property=\"og:url\" content=\"https:\/\/galenoclinic.com\/estetica\/en\/services\/plastic-surgery\/\" \/>\n<meta property=\"og:site_name\" content=\"Galeno Clinic Est\u00e9tica\" \/>\n<meta property=\"article:publisher\" content=\"https:\/\/www.facebook.com\/GalenoClinicIbiza\/?locale=es_ES\" \/>\n<meta property=\"article:modified_time\" content=\"2025-03-24T10:27:22+00:00\" \/>\n<meta property=\"og:image\" content=\"https:\/\/galenoclinic.com\/estetica\/wp-content\/uploads\/sites\/3\/2025\/02\/equipo-quirurgico-1460x1024-1.jpeg\" \/>\n\t<meta property=\"og:image:width\" content=\"1460\" \/>\n\t<meta property=\"og:image:height\" content=\"1024\" \/>\n\t<meta property=\"og:image:type\" content=\"image\/jpeg\" \/>\n<meta name=\"twitter:card\" content=\"summary_large_image\" \/>\n<meta name=\"twitter:label1\" content=\"Est. reading time\" \/>\n\t<meta name=\"twitter:data1\" content=\"1 minute\" \/>\n<script type=\"application\/ld+json\" class=\"yoast-schema-graph\">{\"@context\":\"https:\/\/schema.org\",\"@graph\":[{\"@type\":\"WebPage\",\"@id\":\"https:\/\/galenoclinic.com\/estetica\/en\/services\/plastic-surgery\/\",\"url\":\"https:\/\/galenoclinic.com\/estetica\/en\/services\/plastic-surgery\/\",\"name\":\"Plastic Surgery | Galeno Clinic Est\u00e9tica Ibiza\",\"isPartOf\":{\"@id\":\"https:\/\/galenoclinic.com\/estetica\/en\/#website\"},\"primaryImageOfPage\":{\"@id\":\"https:\/\/galenoclinic.com\/estetica\/en\/services\/plastic-surgery\/#primaryimage\"},\"image\":{\"@id\":\"https:\/\/galenoclinic.com\/estetica\/en\/services\/plastic-surgery\/#primaryimage\"},\"thumbnailUrl\":\"https:\/\/galenoclinic.com\/estetica\/wp-content\/uploads\/sites\/3\/2025\/02\/equipo-quirurgico-1460x1024-1.jpeg\",\"datePublished\":\"2025-01-23T13:22:29+00:00\",\"dateModified\":\"2025-03-24T10:27:22+00:00\",\"description\":\"Plastic surgery in Ibiza with natural and safe results. First consultation free of charge.\",\"breadcrumb\":{\"@id\":\"https:\/\/galenoclinic.com\/estetica\/en\/services\/plastic-surgery\/#breadcrumb\"},\"inLanguage\":\"en-US\",\"potentialAction\":[{\"@type\":\"ReadAction\",\"target\":[\"https:\/\/galenoclinic.com\/estetica\/en\/services\/plastic-surgery\/\"]}]},{\"@type\":\"ImageObject\",\"inLanguage\":\"en-US\",\"@id\":\"https:\/\/galenoclinic.com\/estetica\/en\/services\/plastic-surgery\/#primaryimage\",\"url\":\"https:\/\/galenoclinic.com\/estetica\/wp-content\/uploads\/sites\/3\/2025\/02\/equipo-quirurgico-1460x1024-1.jpeg\",\"contentUrl\":\"https:\/\/galenoclinic.com\/estetica\/wp-content\/uploads\/sites\/3\/2025\/02\/equipo-quirurgico-1460x1024-1.jpeg\"},{\"@type\":\"BreadcrumbList\",\"@id\":\"https:\/\/galenoclinic.com\/estetica\/en\/services\/plastic-surgery\/#breadcrumb\",\"itemListElement\":[{\"@type\":\"ListItem\",\"position\":1,\"name\":\"Home\",\"item\":\"https:\/\/galenoclinic.com\/estetica\/en\/\"},{\"@type\":\"ListItem\",\"position\":2,\"name\":\"Services\",\"item\":\"https:\/\/galenoclinic.com\/estetica\/en\/services\/\"},{\"@type\":\"ListItem\",\"position\":3,\"name\":\"Plastic Surgery\"}]},{\"@type\":\"WebSite\",\"@id\":\"https:\/\/galenoclinic.com\/estetica\/en\/#website\",\"url\":\"https:\/\/galenoclinic.com\/estetica\/en\/\",\"name\":\"Galeno Clinic Est\u00e9tica\",\"description\":\"Medicina y Cirug\u00eda Est\u00e9tica\",\"publisher\":{\"@id\":\"https:\/\/galenoclinic.com\/estetica\/en\/#organization\"},\"potentialAction\":[{\"@type\":\"SearchAction\",\"target\":{\"@type\":\"EntryPoint\",\"urlTemplate\":\"https:\/\/galenoclinic.com\/estetica\/en\/?s={search_term_string}\"},\"query-input\":{\"@type\":\"PropertyValueSpecification\",\"valueRequired\":true,\"valueName\":\"search_term_string\"}}],\"inLanguage\":\"en-US\"},{\"@type\":\"Organization\",\"@id\":\"https:\/\/galenoclinic.com\/estetica\/en\/#organization\",\"name\":\"Galeno Clinic Est\u00e9tica\",\"url\":\"https:\/\/galenoclinic.com\/estetica\/en\/\",\"logo\":{\"@type\":\"ImageObject\",\"inLanguage\":\"en-US\",\"@id\":\"https:\/\/galenoclinic.com\/estetica\/en\/#\/schema\/logo\/image\/\",\"url\":\"https:\/\/galenoclinic.com\/estetica\/wp-content\/uploads\/sites\/3\/2025\/01\/galenoEstetica_favicon.png\",\"contentUrl\":\"https:\/\/galenoclinic.com\/estetica\/wp-content\/uploads\/sites\/3\/2025\/01\/galenoEstetica_favicon.png\",\"width\":128,\"height\":128,\"caption\":\"Galeno Clinic Est\u00e9tica\"},\"image\":{\"@id\":\"https:\/\/galenoclinic.com\/estetica\/en\/#\/schema\/logo\/image\/\"},\"sameAs\":[\"https:\/\/www.facebook.com\/GalenoClinicIbiza\/?locale=es_ES\",\"https:\/\/www.instagram.com\/galeno_clinic_ibiza\/?hl=es\"]}]}<\/script>\n<!-- \/ Yoast SEO plugin. -->","yoast_head_json":{"title":"Plastic Surgery | Galeno Clinic Est\u00e9tica Ibiza","description":"Plastic surgery in Ibiza with natural and safe results. First consultation free of charge.","robots":{"index":"index","follow":"follow","max-snippet":"max-snippet:-1","max-image-preview":"max-image-preview:large","max-video-preview":"max-video-preview:-1"},"canonical":"https:\/\/galenoclinic.com\/estetica\/en\/services\/plastic-surgery\/","og_locale":"en_US","og_type":"article","og_title":"Plastic Surgery | Galeno Clinic Est\u00e9tica Ibiza","og_description":"Plastic surgery in Ibiza with natural and safe results. First consultation free of charge.","og_url":"https:\/\/galenoclinic.com\/estetica\/en\/services\/plastic-surgery\/","og_site_name":"Galeno Clinic Est\u00e9tica","article_publisher":"https:\/\/www.facebook.com\/GalenoClinicIbiza\/?locale=es_ES","article_modified_time":"2025-03-24T10:27:22+00:00","og_image":[{"width":1460,"height":1024,"url":"https:\/\/galenoclinic.com\/estetica\/wp-content\/uploads\/sites\/3\/2025\/02\/equipo-quirurgico-1460x1024-1.jpeg","type":"image\/jpeg"}],"twitter_card":"summary_large_image","twitter_misc":{"Est. reading time":"1 minute"},"schema":{"@context":"https:\/\/schema.org","@graph":[{"@type":"WebPage","@id":"https:\/\/galenoclinic.com\/estetica\/en\/services\/plastic-surgery\/","url":"https:\/\/galenoclinic.com\/estetica\/en\/services\/plastic-surgery\/","name":"Plastic Surgery | Galeno Clinic Est\u00e9tica Ibiza","isPartOf":{"@id":"https:\/\/galenoclinic.com\/estetica\/en\/#website"},"primaryImageOfPage":{"@id":"https:\/\/galenoclinic.com\/estetica\/en\/services\/plastic-surgery\/#primaryimage"},"image":{"@id":"https:\/\/galenoclinic.com\/estetica\/en\/services\/plastic-surgery\/#primaryimage"},"thumbnailUrl":"https:\/\/galenoclinic.com\/estetica\/wp-content\/uploads\/sites\/3\/2025\/02\/equipo-quirurgico-1460x1024-1.jpeg","datePublished":"2025-01-23T13:22:29+00:00","dateModified":"2025-03-24T10:27:22+00:00","description":"Plastic surgery in Ibiza with natural and safe results. First consultation free of charge.","breadcrumb":{"@id":"https:\/\/galenoclinic.com\/estetica\/en\/services\/plastic-surgery\/#breadcrumb"},"inLanguage":"en-US","potentialAction":[{"@type":"ReadAction","target":["https:\/\/galenoclinic.com\/estetica\/en\/services\/plastic-surgery\/"]}]},{"@type":"ImageObject","inLanguage":"en-US","@id":"https:\/\/galenoclinic.com\/estetica\/en\/services\/plastic-surgery\/#primaryimage","url":"https:\/\/galenoclinic.com\/estetica\/wp-content\/uploads\/sites\/3\/2025\/02\/equipo-quirurgico-1460x1024-1.jpeg","contentUrl":"https:\/\/galenoclinic.com\/estetica\/wp-content\/uploads\/sites\/3\/2025\/02\/equipo-quirurgico-1460x1024-1.jpeg"},{"@type":"BreadcrumbList","@id":"https:\/\/galenoclinic.com\/estetica\/en\/services\/plastic-surgery\/#breadcrumb","itemListElement":[{"@type":"ListItem","position":1,"name":"Home","item":"https:\/\/galenoclinic.com\/estetica\/en\/"},{"@type":"ListItem","position":2,"name":"Services","item":"https:\/\/galenoclinic.com\/estetica\/en\/services\/"},{"@type":"ListItem","position":3,"name":"Plastic Surgery"}]},{"@type":"WebSite","@id":"https:\/\/galenoclinic.com\/estetica\/en\/#website","url":"https:\/\/galenoclinic.com\/estetica\/en\/","name":"Galeno Clinic Est\u00e9tica","description":"Medicina y Cirug\u00eda Est\u00e9tica","publisher":{"@id":"https:\/\/galenoclinic.com\/estetica\/en\/#organization"},"potentialAction":[{"@type":"SearchAction","target":{"@type":"EntryPoint","urlTemplate":"https:\/\/galenoclinic.com\/estetica\/en\/?s={search_term_string}"},"query-input":{"@type":"PropertyValueSpecification","valueRequired":true,"valueName":"search_term_string"}}],"inLanguage":"en-US"},{"@type":"Organization","@id":"https:\/\/galenoclinic.com\/estetica\/en\/#organization","name":"Galeno Clinic Est\u00e9tica","url":"https:\/\/galenoclinic.com\/estetica\/en\/","logo":{"@type":"ImageObject","inLanguage":"en-US","@id":"https:\/\/galenoclinic.com\/estetica\/en\/#\/schema\/logo\/image\/","url":"https:\/\/galenoclinic.com\/estetica\/wp-content\/uploads\/sites\/3\/2025\/01\/galenoEstetica_favicon.png","contentUrl":"https:\/\/galenoclinic.com\/estetica\/wp-content\/uploads\/sites\/3\/2025\/01\/galenoEstetica_favicon.png","width":128,"height":128,"caption":"Galeno Clinic Est\u00e9tica"},"image":{"@id":"https:\/\/galenoclinic.com\/estetica\/en\/#\/schema\/logo\/image\/"},"sameAs":["https:\/\/www.facebook.com\/GalenoClinicIbiza\/?locale=es_ES","https:\/\/www.instagram.com\/galeno_clinic_ibiza\/?hl=es"]}]}},"_links":{"self":[{"href":"https:\/\/galenoclinic.com\/estetica\/en\/wp-json\/wp\/v2\/pages\/1183","targetHints":{"allow":["GET"]}}],"collection":[{"href":"https:\/\/galenoclinic.com\/estetica\/en\/wp-json\/wp\/v2\/pages"}],"about":[{"href":"https:\/\/galenoclinic.com\/estetica\/en\/wp-json\/wp\/v2\/types\/page"}],"author":[{"embeddable":true,"href":"https:\/\/galenoclinic.com\/estetica\/en\/wp-json\/wp\/v2\/users\/1"}],"replies":[{"embeddable":true,"href":"https:\/\/galenoclinic.com\/estetica\/en\/wp-json\/wp\/v2\/comments?post=1183"}],"version-history":[{"count":1,"href":"https:\/\/galenoclinic.com\/estetica\/en\/wp-json\/wp\/v2\/pages\/1183\/revisions"}],"predecessor-version":[{"id":1185,"href":"https:\/\/galenoclinic.com\/estetica\/en\/wp-json\/wp\/v2\/pages\/1183\/revisions\/1185"}],"up":[{"embeddable":true,"href":"https:\/\/galenoclinic.com\/estetica\/en\/wp-json\/wp\/v2\/pages\/1191"}],"wp:attachment":[{"href":"https:\/\/galenoclinic.com\/estetica\/en\/wp-json\/wp\/v2\/media?parent=1183"}],"curies":[{"name":"wp","href":"https:\/\/api.w.org\/{rel}","templated":true}]}}