{"id":57,"date":"2025-01-23T13:20:24","date_gmt":"2025-01-23T13:20:24","guid":{"rendered":"https:\/\/galenoclinic.com\/estetica\/?page_id=57"},"modified":"2025-03-28T16:36:25","modified_gmt":"2025-03-28T16:36:25","slug":"equipo","status":"publish","type":"page","link":"https:\/\/galenoclinic.com\/estetica\/equipo\/","title":{"rendered":"Equipo"},"content":{"rendered":"\t\t<div data-elementor-type=\"wp-page\" data-elementor-id=\"57\" class=\"elementor elementor-57\" data-elementor-post-type=\"page\">\n\t\t\t\t<div class=\"elementor-element elementor-element-650007c e-con-full e-flex e-con e-parent\" data-id=\"650007c\" data-element_type=\"container\">\n\t\t<div class=\"elementor-element elementor-element-df5a1cc e-con-full e-flex e-con e-child\" data-id=\"df5a1cc\" data-element_type=\"container\" data-settings=\"{&quot;sticky&quot;:&quot;top&quot;,&quot;sticky_on&quot;:[&quot;desktop&quot;],&quot;sticky_offset&quot;:120,&quot;sticky_parent&quot;:&quot;yes&quot;,&quot;sticky_effects_offset&quot;:0,&quot;sticky_anchor_link_offset&quot;:0}\">\n\t\t\t\t<div class=\"elementor-element elementor-element-e6521cb elementor-widget__width-initial elementor-widget elementor-widget-heading\" data-id=\"e6521cb\" data-element_type=\"widget\" data-widget_type=\"heading.default\">\n\t\t\t\t<div class=\"elementor-widget-container\">\n\t\t\t\t\t<h2 class=\"elementor-heading-title elementor-size-default\">El Equipo M\u00e9dico<\/h2>\t\t\t\t<\/div>\n\t\t\t\t<\/div>\n\t\t\t\t<div class=\"elementor-element elementor-element-5d5bcec elementor-widget elementor-widget-heading\" data-id=\"5d5bcec\" data-element_type=\"widget\" data-widget_type=\"heading.default\">\n\t\t\t\t<div class=\"elementor-widget-container\">\n\t\t\t\t\t<h2 class=\"elementor-heading-title elementor-size-default\">Nuestra principal misi\u00f3n es seleccionar importantes profesionales con formaci\u00f3n y con una amplia experiencia en cada una de sus \u00e1reas.\u00a0<\/h2>\t\t\t\t<\/div>\n\t\t\t\t<\/div>\n\t\t\t\t<div class=\"elementor-element elementor-element-92c5465 elementor-widget elementor-widget-button\" data-id=\"92c5465\" data-element_type=\"widget\" data-widget_type=\"button.default\">\n\t\t\t\t<div class=\"elementor-widget-container\">\n\t\t\t\t\t\t\t\t\t<div class=\"elementor-button-wrapper\">\n\t\t\t\t\t<a class=\"elementor-button elementor-button-link elementor-size-sm\" href=\"https:\/\/galenoclinic.com\/sobre-nosotros\/trabaja-con-nosotros\/\" target=\"_blank\">\n\t\t\t\t\t\t<span class=\"elementor-button-content-wrapper\">\n\t\t\t\t\t\t\t\t\t<span class=\"elementor-button-text\">Trabaja con Nosotros<\/span>\n\t\t\t\t\t<\/span>\n\t\t\t\t\t<\/a>\n\t\t\t\t<\/div>\n\t\t\t\t\t\t\t\t<\/div>\n\t\t\t\t<\/div>\n\t\t\t\t<\/div>\n\t\t<div class=\"elementor-element elementor-element-d02e803 e-grid e-con-full team-grid e-con e-child\" data-id=\"d02e803\" data-element_type=\"container\">\n\t\t<div class=\"elementor-element elementor-element-0821da9 e-con-full e-flex e-con e-child\" data-id=\"0821da9\" data-element_type=\"container\" data-settings=\"{&quot;background_background&quot;:&quot;classic&quot;}\">\n\t\t<div class=\"elementor-element elementor-element-b193b4d e-con-full team-profile e-flex e-con e-child\" data-id=\"b193b4d\" data-element_type=\"container\" data-settings=\"{&quot;background_background&quot;:&quot;classic&quot;}\">\n\t\t\t\t<div class=\"elementor-element elementor-element-3515571 elementor-widget elementor-widget-heading\" data-id=\"3515571\" data-element_type=\"widget\" data-widget_type=\"heading.default\">\n\t\t\t\t<div class=\"elementor-widget-container\">\n\t\t\t\t\t<h2 class=\"elementor-heading-title elementor-size-default\">Dr. Agust\u00edn Blanch<\/h2>\t\t\t\t<\/div>\n\t\t\t\t<\/div>\n\t\t\t\t<div class=\"elementor-element elementor-element-50080da elementor-widget elementor-widget-heading\" data-id=\"50080da\" data-element_type=\"widget\" data-widget_type=\"heading.default\">\n\t\t\t\t<div class=\"elementor-widget-container\">\n\t\t\t\t\t<h2 class=\"elementor-heading-title elementor-size-default\">M\u00e9dico Especialista en Cirug\u00eda Pl\u00e1stica, Est\u00e9tica y Reparadora<\/h2>\t\t\t\t<\/div>\n\t\t\t\t<\/div>\n\t\t\t\t<\/div>\n\t\t\t\t<\/div>\n\t\t<div class=\"elementor-element elementor-element-3354b0c e-con-full e-flex e-con e-child\" data-id=\"3354b0c\" data-element_type=\"container\" data-settings=\"{&quot;background_background&quot;:&quot;classic&quot;}\">\n\t\t<div class=\"elementor-element elementor-element-8787407 e-con-full team-profile e-flex e-con e-child\" data-id=\"8787407\" data-element_type=\"container\" data-settings=\"{&quot;background_background&quot;:&quot;classic&quot;}\">\n\t\t\t\t<div class=\"elementor-element elementor-element-5e9b97d elementor-widget elementor-widget-heading\" data-id=\"5e9b97d\" data-element_type=\"widget\" data-widget_type=\"heading.default\">\n\t\t\t\t<div class=\"elementor-widget-container\">\n\t\t\t\t\t<h2 class=\"elementor-heading-title elementor-size-default\">Dra. Clara Buitrago<\/h2>\t\t\t\t<\/div>\n\t\t\t\t<\/div>\n\t\t\t\t<div class=\"elementor-element elementor-element-77b4c55 elementor-widget elementor-widget-heading\" data-id=\"77b4c55\" data-element_type=\"widget\" data-widget_type=\"heading.default\">\n\t\t\t\t<div class=\"elementor-widget-container\">\n\t\t\t\t\t<h2 class=\"elementor-heading-title elementor-size-default\">M\u00e9dico Est\u00e9tico con una amplia experiencia en el sector est\u00e9tico y capilar<\/h2>\t\t\t\t<\/div>\n\t\t\t\t<\/div>\n\t\t\t\t<\/div>\n\t\t\t\t<\/div>\n\t\t<div class=\"elementor-element elementor-element-b93b362 e-con-full e-flex e-con e-child\" data-id=\"b93b362\" data-element_type=\"container\" data-settings=\"{&quot;background_background&quot;:&quot;classic&quot;}\">\n\t\t<div class=\"elementor-element elementor-element-d70aba4 e-con-full team-profile e-flex e-con e-child\" data-id=\"d70aba4\" data-element_type=\"container\" data-settings=\"{&quot;background_background&quot;:&quot;classic&quot;}\">\n\t\t\t\t<div class=\"elementor-element elementor-element-aa5df38 elementor-widget elementor-widget-heading\" data-id=\"aa5df38\" data-element_type=\"widget\" data-widget_type=\"heading.default\">\n\t\t\t\t<div class=\"elementor-widget-container\">\n\t\t\t\t\t<h2 class=\"elementor-heading-title elementor-size-default\">Antuanet Safar<\/h2>\t\t\t\t<\/div>\n\t\t\t\t<\/div>\n\t\t\t\t<div class=\"elementor-element elementor-element-049020f elementor-widget elementor-widget-heading\" data-id=\"049020f\" data-element_type=\"widget\" data-widget_type=\"heading.default\">\n\t\t\t\t<div class=\"elementor-widget-container\">\n\t\t\t\t\t<h2 class=\"elementor-heading-title elementor-size-default\">Enfermera Experta en Dermoest\u00e9tica<\/h2>\t\t\t\t<\/div>\n\t\t\t\t<\/div>\n\t\t\t\t<\/div>\n\t\t\t\t<\/div>\n\t\t<div class=\"elementor-element elementor-element-e402396 e-con-full e-flex e-con e-child\" data-id=\"e402396\" data-element_type=\"container\" data-settings=\"{&quot;background_background&quot;:&quot;classic&quot;}\">\n\t\t<div class=\"elementor-element elementor-element-5246432 e-con-full team-profile e-flex e-con e-child\" data-id=\"5246432\" data-element_type=\"container\" data-settings=\"{&quot;background_background&quot;:&quot;classic&quot;}\">\n\t\t\t\t<div class=\"elementor-element elementor-element-0c5b257 elementor-widget elementor-widget-heading\" data-id=\"0c5b257\" data-element_type=\"widget\" data-widget_type=\"heading.default\">\n\t\t\t\t<div class=\"elementor-widget-container\">\n\t\t\t\t\t<h2 class=\"elementor-heading-title elementor-size-default\">Roxana<\/h2>\t\t\t\t<\/div>\n\t\t\t\t<\/div>\n\t\t\t\t<div class=\"elementor-element elementor-element-683c406 elementor-widget elementor-widget-heading\" data-id=\"683c406\" data-element_type=\"widget\" data-widget_type=\"heading.default\">\n\t\t\t\t<div class=\"elementor-widget-container\">\n\t\t\t\t\t<h2 class=\"elementor-heading-title elementor-size-default\">Esteticista<\/h2>\t\t\t\t<\/div>\n\t\t\t\t<\/div>\n\t\t\t\t<\/div>\n\t\t\t\t<\/div>\n\t\t<div class=\"elementor-element elementor-element-ab67dd0 e-con-full e-flex e-con e-child\" data-id=\"ab67dd0\" data-element_type=\"container\" data-settings=\"{&quot;background_background&quot;:&quot;classic&quot;}\">\n\t\t<div class=\"elementor-element elementor-element-e2d9ee7 e-con-full team-profile e-flex e-con e-child\" data-id=\"e2d9ee7\" data-element_type=\"container\" data-settings=\"{&quot;background_background&quot;:&quot;classic&quot;}\">\n\t\t\t\t<div class=\"elementor-element elementor-element-36010ef elementor-widget elementor-widget-heading\" data-id=\"36010ef\" data-element_type=\"widget\" data-widget_type=\"heading.default\">\n\t\t\t\t<div class=\"elementor-widget-container\">\n\t\t\t\t\t<h2 class=\"elementor-heading-title elementor-size-default\">Paula<\/h2>\t\t\t\t<\/div>\n\t\t\t\t<\/div>\n\t\t\t\t<div class=\"elementor-element elementor-element-9cc6929 elementor-widget elementor-widget-heading\" data-id=\"9cc6929\" data-element_type=\"widget\" data-widget_type=\"heading.default\">\n\t\t\t\t<div class=\"elementor-widget-container\">\n\t\t\t\t\t<h2 class=\"elementor-heading-title elementor-size-default\">Esteticista<\/h2>\t\t\t\t<\/div>\n\t\t\t\t<\/div>\n\t\t\t\t<\/div>\n\t\t\t\t<\/div>\n\t\t<div class=\"elementor-element elementor-element-8025185 e-con-full e-flex e-con e-child\" data-id=\"8025185\" data-element_type=\"container\" data-settings=\"{&quot;background_background&quot;:&quot;classic&quot;}\">\n\t\t<div class=\"elementor-element elementor-element-0f9de71 e-con-full team-profile e-flex e-con e-child\" data-id=\"0f9de71\" data-element_type=\"container\" data-settings=\"{&quot;background_background&quot;:&quot;classic&quot;}\">\n\t\t\t\t<div class=\"elementor-element elementor-element-f24be0f elementor-widget elementor-widget-heading\" data-id=\"f24be0f\" data-element_type=\"widget\" data-widget_type=\"heading.default\">\n\t\t\t\t<div class=\"elementor-widget-container\">\n\t\t\t\t\t<h2 class=\"elementor-heading-title elementor-size-default\">Sara Safar<\/h2>\t\t\t\t<\/div>\n\t\t\t\t<\/div>\n\t\t\t\t<div class=\"elementor-element elementor-element-faea8e0 elementor-widget elementor-widget-heading\" data-id=\"faea8e0\" data-element_type=\"widget\" data-widget_type=\"heading.default\">\n\t\t\t\t<div class=\"elementor-widget-container\">\n\t\t\t\t\t<h2 class=\"elementor-heading-title elementor-size-default\">Enfermera<\/h2>\t\t\t\t<\/div>\n\t\t\t\t<\/div>\n\t\t\t\t<\/div>\n\t\t\t\t<\/div>\n\t\t<div class=\"elementor-element elementor-element-f9ce685 e-con-full e-flex e-con e-child\" data-id=\"f9ce685\" data-element_type=\"container\" data-settings=\"{&quot;background_background&quot;:&quot;classic&quot;}\">\n\t\t<div class=\"elementor-element elementor-element-42c723e e-con-full team-profile e-flex e-con e-child\" data-id=\"42c723e\" data-element_type=\"container\" data-settings=\"{&quot;background_background&quot;:&quot;classic&quot;}\">\n\t\t\t\t<div class=\"elementor-element elementor-element-3c3e110 elementor-widget elementor-widget-heading\" data-id=\"3c3e110\" data-element_type=\"widget\" data-widget_type=\"heading.default\">\n\t\t\t\t<div class=\"elementor-widget-container\">\n\t\t\t\t\t<h2 class=\"elementor-heading-title elementor-size-default\">Laura<\/h2>\t\t\t\t<\/div>\n\t\t\t\t<\/div>\n\t\t\t\t<div class=\"elementor-element elementor-element-2b0ac6a elementor-widget elementor-widget-heading\" data-id=\"2b0ac6a\" data-element_type=\"widget\" data-widget_type=\"heading.default\">\n\t\t\t\t<div class=\"elementor-widget-container\">\n\t\t\t\t\t<h2 class=\"elementor-heading-title elementor-size-default\">Atenci\u00f3n al Paciente<\/h2>\t\t\t\t<\/div>\n\t\t\t\t<\/div>\n\t\t\t\t<\/div>\n\t\t\t\t<\/div>\n\t\t<div class=\"elementor-element elementor-element-b21c308 e-con-full e-flex e-con e-child\" data-id=\"b21c308\" data-element_type=\"container\" data-settings=\"{&quot;background_background&quot;:&quot;classic&quot;}\">\n\t\t<div class=\"elementor-element elementor-element-cbaacd4 e-con-full team-profile e-flex e-con e-child\" data-id=\"cbaacd4\" data-element_type=\"container\" data-settings=\"{&quot;background_background&quot;:&quot;classic&quot;}\">\n\t\t\t\t<div class=\"elementor-element elementor-element-3b2adc8 elementor-widget elementor-widget-heading\" data-id=\"3b2adc8\" data-element_type=\"widget\" data-widget_type=\"heading.default\">\n\t\t\t\t<div class=\"elementor-widget-container\">\n\t\t\t\t\t<h2 class=\"elementor-heading-title elementor-size-default\">Noemi<\/h2>\t\t\t\t<\/div>\n\t\t\t\t<\/div>\n\t\t\t\t<div class=\"elementor-element elementor-element-8c91eaf elementor-widget elementor-widget-heading\" data-id=\"8c91eaf\" data-element_type=\"widget\" data-widget_type=\"heading.default\">\n\t\t\t\t<div class=\"elementor-widget-container\">\n\t\t\t\t\t<h2 class=\"elementor-heading-title elementor-size-default\">Recepci\u00f3n<\/h2>\t\t\t\t<\/div>\n\t\t\t\t<\/div>\n\t\t\t\t<\/div>\n\t\t\t\t<\/div>\n\t\t\t\t<\/div>\n\t\t\t\t<\/div>\n\t\t\t\t<\/div>\n\t\t","protected":false},"excerpt":{"rendered":"<p>El Equipo M\u00e9dico Nuestra principal misi\u00f3n es seleccionar importantes profesionales con formaci\u00f3n y con una amplia experiencia en cada una de sus \u00e1reas.\u00a0 Trabaja con Nosotros Dr. Agust\u00edn Blanch M\u00e9dico Especialista en Cirug\u00eda Pl\u00e1stica, Est\u00e9tica y Reparadora Dra. Clara Buitrago M\u00e9dico Est\u00e9tico con una amplia experiencia en el sector est\u00e9tico y capilar Antuanet Safar Enfermera [&hellip;]<\/p>\n","protected":false},"author":1,"featured_media":0,"parent":0,"menu_order":0,"comment_status":"closed","ping_status":"closed","template":"","meta":{"footnotes":""},"class_list":["post-57","page","type-page","status-publish","hentry"],"yoast_head":"<!-- This site is optimized with the Yoast SEO plugin v24.7 - https:\/\/yoast.com\/wordpress\/plugins\/seo\/ -->\n<title>Conoce al Equipo M\u00e9dico de Galeno Est\u00e9tica en Ibiza<\/title>\n<meta name=\"description\" content=\"Descubre al equipo profesional que cuida de tu bienestar en Galeno Clinic Est\u00e9tica, con experiencia y trato cercano en Ibiza.\" \/>\n<meta name=\"robots\" content=\"index, follow, max-snippet:-1, max-image-preview:large, max-video-preview:-1\" \/>\n<link rel=\"canonical\" href=\"https:\/\/galenoclinic.com\/estetica\/equipo\/\" \/>\n<meta property=\"og:locale\" content=\"es_ES\" \/>\n<meta property=\"og:type\" content=\"article\" \/>\n<meta property=\"og:title\" content=\"Conoce al Equipo M\u00e9dico de Galeno Est\u00e9tica en Ibiza\" \/>\n<meta property=\"og:description\" content=\"Descubre al equipo profesional que cuida de tu bienestar en Galeno Clinic Est\u00e9tica, con experiencia y trato cercano en Ibiza.\" \/>\n<meta property=\"og:url\" content=\"https:\/\/galenoclinic.com\/estetica\/equipo\/\" \/>\n<meta property=\"og:site_name\" content=\"Galeno Clinic Est\u00e9tica\" \/>\n<meta property=\"article:publisher\" content=\"https:\/\/www.facebook.com\/GalenoClinicIbiza\/?locale=es_ES\" \/>\n<meta property=\"article:modified_time\" content=\"2025-03-28T16:36:25+00:00\" \/>\n<meta property=\"og:image\" content=\"https:\/\/galenoclinic.com\/estetica\/wp-content\/uploads\/sites\/3\/2025\/01\/estetica-galeno.png\" \/>\n\t<meta property=\"og:image:width\" content=\"900\" \/>\n\t<meta property=\"og:image:height\" content=\"600\" \/>\n\t<meta property=\"og:image:type\" content=\"image\/png\" \/>\n<meta name=\"twitter:card\" content=\"summary_large_image\" \/>\n<meta name=\"twitter:label1\" content=\"Tiempo de lectura\" \/>\n\t<meta name=\"twitter:data1\" content=\"1 minuto\" \/>\n<script type=\"application\/ld+json\" class=\"yoast-schema-graph\">{\"@context\":\"https:\/\/schema.org\",\"@graph\":[{\"@type\":\"WebPage\",\"@id\":\"https:\/\/galenoclinic.com\/estetica\/equipo\/\",\"url\":\"https:\/\/galenoclinic.com\/estetica\/equipo\/\",\"name\":\"Conoce al Equipo M\u00e9dico de Galeno Est\u00e9tica en Ibiza\",\"isPartOf\":{\"@id\":\"https:\/\/galenoclinic.com\/estetica\/#website\"},\"datePublished\":\"2025-01-23T13:20:24+00:00\",\"dateModified\":\"2025-03-28T16:36:25+00:00\",\"description\":\"Descubre al equipo profesional que cuida de tu bienestar en Galeno Clinic Est\u00e9tica, con experiencia y trato cercano en Ibiza.\",\"breadcrumb\":{\"@id\":\"https:\/\/galenoclinic.com\/estetica\/equipo\/#breadcrumb\"},\"inLanguage\":\"es\",\"potentialAction\":[{\"@type\":\"ReadAction\",\"target\":[\"https:\/\/galenoclinic.com\/estetica\/equipo\/\"]}]},{\"@type\":\"BreadcrumbList\",\"@id\":\"https:\/\/galenoclinic.com\/estetica\/equipo\/#breadcrumb\",\"itemListElement\":[{\"@type\":\"ListItem\",\"position\":1,\"name\":\"Home\",\"item\":\"https:\/\/galenoclinic.com\/estetica\/\"},{\"@type\":\"ListItem\",\"position\":2,\"name\":\"Equipo\"}]},{\"@type\":\"WebSite\",\"@id\":\"https:\/\/galenoclinic.com\/estetica\/#website\",\"url\":\"https:\/\/galenoclinic.com\/estetica\/\",\"name\":\"Galeno Clinic Est\u00e9tica\",\"description\":\"Medicina y Cirug\u00eda Est\u00e9tica\",\"publisher\":{\"@id\":\"https:\/\/galenoclinic.com\/estetica\/#organization\"},\"potentialAction\":[{\"@type\":\"SearchAction\",\"target\":{\"@type\":\"EntryPoint\",\"urlTemplate\":\"https:\/\/galenoclinic.com\/estetica\/?s={search_term_string}\"},\"query-input\":{\"@type\":\"PropertyValueSpecification\",\"valueRequired\":true,\"valueName\":\"search_term_string\"}}],\"inLanguage\":\"es\"},{\"@type\":\"Organization\",\"@id\":\"https:\/\/galenoclinic.com\/estetica\/#organization\",\"name\":\"Galeno Clinic Est\u00e9tica\",\"url\":\"https:\/\/galenoclinic.com\/estetica\/\",\"logo\":{\"@type\":\"ImageObject\",\"inLanguage\":\"es\",\"@id\":\"https:\/\/galenoclinic.com\/estetica\/#\/schema\/logo\/image\/\",\"url\":\"https:\/\/galenoclinic.com\/estetica\/wp-content\/uploads\/sites\/3\/2025\/01\/galenoEstetica_favicon.png\",\"contentUrl\":\"https:\/\/galenoclinic.com\/estetica\/wp-content\/uploads\/sites\/3\/2025\/01\/galenoEstetica_favicon.png\",\"width\":128,\"height\":128,\"caption\":\"Galeno Clinic Est\u00e9tica\"},\"image\":{\"@id\":\"https:\/\/galenoclinic.com\/estetica\/#\/schema\/logo\/image\/\"},\"sameAs\":[\"https:\/\/www.facebook.com\/GalenoClinicIbiza\/?locale=es_ES\",\"https:\/\/www.instagram.com\/galeno_clinic_ibiza\/?hl=es\"]}]}<\/script>\n<!-- \/ Yoast SEO plugin. -->","yoast_head_json":{"title":"Conoce al Equipo M\u00e9dico de Galeno Est\u00e9tica en Ibiza","description":"Descubre al equipo profesional que cuida de tu bienestar en Galeno Clinic Est\u00e9tica, con experiencia y trato cercano en Ibiza.","robots":{"index":"index","follow":"follow","max-snippet":"max-snippet:-1","max-image-preview":"max-image-preview:large","max-video-preview":"max-video-preview:-1"},"canonical":"https:\/\/galenoclinic.com\/estetica\/equipo\/","og_locale":"es_ES","og_type":"article","og_title":"Conoce al Equipo M\u00e9dico de Galeno Est\u00e9tica en Ibiza","og_description":"Descubre al equipo profesional que cuida de tu bienestar en Galeno Clinic Est\u00e9tica, con experiencia y trato cercano en Ibiza.","og_url":"https:\/\/galenoclinic.com\/estetica\/equipo\/","og_site_name":"Galeno Clinic Est\u00e9tica","article_publisher":"https:\/\/www.facebook.com\/GalenoClinicIbiza\/?locale=es_ES","article_modified_time":"2025-03-28T16:36:25+00:00","og_image":[{"width":900,"height":600,"url":"https:\/\/galenoclinic.com\/estetica\/wp-content\/uploads\/sites\/3\/2025\/01\/estetica-galeno.png","type":"image\/png"}],"twitter_card":"summary_large_image","twitter_misc":{"Tiempo de lectura":"1 minuto"},"schema":{"@context":"https:\/\/schema.org","@graph":[{"@type":"WebPage","@id":"https:\/\/galenoclinic.com\/estetica\/equipo\/","url":"https:\/\/galenoclinic.com\/estetica\/equipo\/","name":"Conoce al Equipo M\u00e9dico de Galeno Est\u00e9tica en Ibiza","isPartOf":{"@id":"https:\/\/galenoclinic.com\/estetica\/#website"},"datePublished":"2025-01-23T13:20:24+00:00","dateModified":"2025-03-28T16:36:25+00:00","description":"Descubre al equipo profesional que cuida de tu bienestar en Galeno Clinic Est\u00e9tica, con experiencia y trato cercano en Ibiza.","breadcrumb":{"@id":"https:\/\/galenoclinic.com\/estetica\/equipo\/#breadcrumb"},"inLanguage":"es","potentialAction":[{"@type":"ReadAction","target":["https:\/\/galenoclinic.com\/estetica\/equipo\/"]}]},{"@type":"BreadcrumbList","@id":"https:\/\/galenoclinic.com\/estetica\/equipo\/#breadcrumb","itemListElement":[{"@type":"ListItem","position":1,"name":"Home","item":"https:\/\/galenoclinic.com\/estetica\/"},{"@type":"ListItem","position":2,"name":"Equipo"}]},{"@type":"WebSite","@id":"https:\/\/galenoclinic.com\/estetica\/#website","url":"https:\/\/galenoclinic.com\/estetica\/","name":"Galeno Clinic Est\u00e9tica","description":"Medicina y Cirug\u00eda Est\u00e9tica","publisher":{"@id":"https:\/\/galenoclinic.com\/estetica\/#organization"},"potentialAction":[{"@type":"SearchAction","target":{"@type":"EntryPoint","urlTemplate":"https:\/\/galenoclinic.com\/estetica\/?s={search_term_string}"},"query-input":{"@type":"PropertyValueSpecification","valueRequired":true,"valueName":"search_term_string"}}],"inLanguage":"es"},{"@type":"Organization","@id":"https:\/\/galenoclinic.com\/estetica\/#organization","name":"Galeno Clinic Est\u00e9tica","url":"https:\/\/galenoclinic.com\/estetica\/","logo":{"@type":"ImageObject","inLanguage":"es","@id":"https:\/\/galenoclinic.com\/estetica\/#\/schema\/logo\/image\/","url":"https:\/\/galenoclinic.com\/estetica\/wp-content\/uploads\/sites\/3\/2025\/01\/galenoEstetica_favicon.png","contentUrl":"https:\/\/galenoclinic.com\/estetica\/wp-content\/uploads\/sites\/3\/2025\/01\/galenoEstetica_favicon.png","width":128,"height":128,"caption":"Galeno Clinic Est\u00e9tica"},"image":{"@id":"https:\/\/galenoclinic.com\/estetica\/#\/schema\/logo\/image\/"},"sameAs":["https:\/\/www.facebook.com\/GalenoClinicIbiza\/?locale=es_ES","https:\/\/www.instagram.com\/galeno_clinic_ibiza\/?hl=es"]}]}},"_links":{"self":[{"href":"https:\/\/galenoclinic.com\/estetica\/wp-json\/wp\/v2\/pages\/57","targetHints":{"allow":["GET"]}}],"collection":[{"href":"https:\/\/galenoclinic.com\/estetica\/wp-json\/wp\/v2\/pages"}],"about":[{"href":"https:\/\/galenoclinic.com\/estetica\/wp-json\/wp\/v2\/types\/page"}],"author":[{"embeddable":true,"href":"https:\/\/galenoclinic.com\/estetica\/wp-json\/wp\/v2\/users\/1"}],"replies":[{"embeddable":true,"href":"https:\/\/galenoclinic.com\/estetica\/wp-json\/wp\/v2\/comments?post=57"}],"version-history":[{"count":25,"href":"https:\/\/galenoclinic.com\/estetica\/wp-json\/wp\/v2\/pages\/57\/revisions"}],"predecessor-version":[{"id":1841,"href":"https:\/\/galenoclinic.com\/estetica\/wp-json\/wp\/v2\/pages\/57\/revisions\/1841"}],"wp:attachment":[{"href":"https:\/\/galenoclinic.com\/estetica\/wp-json\/wp\/v2\/media?parent=57"}],"curies":[{"name":"wp","href":"https:\/\/api.w.org\/{rel}","templated":true}]}}