{"id":728,"date":"2025-01-28T12:49:45","date_gmt":"2025-01-28T12:49:45","guid":{"rendered":"https:\/\/galenoclinic.com\/estetica\/?page_id=728"},"modified":"2025-02-19T09:25:37","modified_gmt":"2025-02-19T09:25:37","slug":"depilacion-laser","status":"publish","type":"page","link":"https:\/\/galenoclinic.com\/estetica\/servicios\/depilacion-laser\/","title":{"rendered":"Depilaci\u00f3n L\u00e1ser"},"content":{"rendered":"\t\t<div data-elementor-type=\"wp-page\" data-elementor-id=\"728\" class=\"elementor elementor-728\" data-elementor-post-type=\"page\">\n\t\t\t\t<div class=\"elementor-element elementor-element-7b6e37ad e-con-full tratamiento-container e-flex e-con e-parent\" data-id=\"7b6e37ad\" data-element_type=\"container\" interes=\"unidadCapilar\">\n\t\t<div class=\"elementor-element elementor-element-42f39f3d e-con-full e-flex e-con e-child\" data-id=\"42f39f3d\" data-element_type=\"container\" data-settings=\"{&quot;sticky&quot;:&quot;top&quot;,&quot;sticky_on&quot;:[&quot;desktop&quot;,&quot;tablet&quot;],&quot;sticky_offset&quot;:120,&quot;sticky_parent&quot;:&quot;yes&quot;,&quot;sticky_effects_offset&quot;:0,&quot;sticky_anchor_link_offset&quot;:0}\">\n\t\t\t\t<div class=\"elementor-element elementor-element-1878426c elementor-widget elementor-widget-heading\" data-id=\"1878426c\" data-element_type=\"widget\" data-widget_type=\"heading.default\">\n\t\t\t\t<div class=\"elementor-widget-container\">\n\t\t\t\t\t<h2 class=\"elementor-heading-title elementor-size-default\">Depilaci\u00f3n L\u00e1ser<\/h2>\t\t\t\t<\/div>\n\t\t\t\t<\/div>\n\t\t\t\t<div class=\"elementor-element elementor-element-97e7011 elementor-widget elementor-widget-text-editor\" data-id=\"97e7011\" data-element_type=\"widget\" data-widget_type=\"text-editor.default\">\n\t\t\t\t<div class=\"elementor-widget-container\">\n\t\t\t\t\t\t\t\t\t<p>Si est\u00e1s buscando tu centro para comenzar tus sesiones de depilaci\u00f3n con l\u00e1ser no dudes en contactarnos. Nuestros expertos se encargar\u00e1n de personalizar el tratamiento, bas\u00e1ndonos en tu tipo de vello y de piel, as\u00ed como, tu estilo de vida.<\/p>\t\t\t\t\t\t\t\t<\/div>\n\t\t\t\t<\/div>\n\t\t\t\t<div class=\"elementor-element elementor-element-5cfd9c41 elementor-position-left elementor-mobile-position-left elementor-vertical-align-middle elementor-view-default elementor-widget elementor-widget-icon-box\" data-id=\"5cfd9c41\" data-element_type=\"widget\" data-widget_type=\"icon-box.default\">\n\t\t\t\t<div class=\"elementor-widget-container\">\n\t\t\t\t\t\t\t<div class=\"elementor-icon-box-wrapper\">\n\n\t\t\t\t\t\t<div class=\"elementor-icon-box-icon\">\n\t\t\t\t<span  class=\"elementor-icon\">\n\t\t\t\t<svg xmlns=\"http:\/\/www.w3.org\/2000\/svg\" width=\"25\" height=\"24\" viewBox=\"0 0 25 24\" fill=\"none\"><path d=\"M23.6154 9.57692H14.9327L12.3077 1.5L9.68269 9.57692H1L8.06731 14.4231L5.34135 22.5L12.3077 17.4519L19.274 22.5L16.5481 14.4231L23.6154 9.57692Z\" stroke=\"black\" stroke-width=\"1.5\" stroke-linejoin=\"round\"><\/path><\/svg>\t\t\t\t<\/span>\n\t\t\t<\/div>\n\t\t\t\n\t\t\t\t\t\t<div class=\"elementor-icon-box-content\">\n\n\t\t\t\t\t\t\t\t\t<h3 class=\"elementor-icon-box-title\">\n\t\t\t\t\t\t<span  >\n\t\t\t\t\t\t\tPrimera visita gratis\t\t\t\t\t\t<\/span>\n\t\t\t\t\t<\/h3>\n\t\t\t\t\n\t\t\t\t\n\t\t\t<\/div>\n\t\t\t\n\t\t<\/div>\n\t\t\t\t\t\t<\/div>\n\t\t\t\t<\/div>\n\t\t\t\t<div class=\"elementor-element elementor-element-432d4f4 elementor-widget elementor-widget-button\" data-id=\"432d4f4\" data-element_type=\"widget\" data-widget_type=\"button.default\">\n\t\t\t\t<div class=\"elementor-widget-container\">\n\t\t\t\t\t\t\t\t\t<div class=\"elementor-button-wrapper\">\n\t\t\t\t\t<a class=\"elementor-button elementor-button-link elementor-size-sm\" href=\"#contacto\">\n\t\t\t\t\t\t<span class=\"elementor-button-content-wrapper\">\n\t\t\t\t\t\t\t\t\t<span class=\"elementor-button-text\">Solicitar Informaci\u00f3n<\/span>\n\t\t\t\t\t<\/span>\n\t\t\t\t\t<\/a>\n\t\t\t\t<\/div>\n\t\t\t\t\t\t\t\t<\/div>\n\t\t\t\t<\/div>\n\t\t\t\t<\/div>\n\t\t<div class=\"elementor-element elementor-element-5573a80f e-con-full e-flex e-con e-child\" data-id=\"5573a80f\" data-element_type=\"container\">\n\t\t<div class=\"elementor-element elementor-element-98096d5 e-con-full e-flex e-con e-child\" data-id=\"98096d5\" data-element_type=\"container\" data-settings=\"{&quot;background_background&quot;:&quot;slideshow&quot;,&quot;background_slideshow_gallery&quot;:[{&quot;id&quot;:766,&quot;url&quot;:&quot;https:\\\/\\\/galenoclinic.com\\\/estetica\\\/wp-content\\\/uploads\\\/sites\\\/3\\\/2025\\\/02\\\/dep-laser-02.jpg&quot;},{&quot;id&quot;:767,&quot;url&quot;:&quot;https:\\\/\\\/galenoclinic.com\\\/estetica\\\/wp-content\\\/uploads\\\/sites\\\/3\\\/2025\\\/02\\\/dep-laser-03.jpg&quot;},{&quot;id&quot;:768,&quot;url&quot;:&quot;https:\\\/\\\/galenoclinic.com\\\/estetica\\\/wp-content\\\/uploads\\\/sites\\\/3\\\/2025\\\/02\\\/dep-laser-04.jpg&quot;},{&quot;id&quot;:769,&quot;url&quot;:&quot;https:\\\/\\\/galenoclinic.com\\\/estetica\\\/wp-content\\\/uploads\\\/sites\\\/3\\\/2025\\\/02\\\/dep-laser-01.jpg&quot;}],&quot;background_slideshow_slide_duration&quot;:3000,&quot;background_slideshow_loop&quot;:&quot;yes&quot;,&quot;background_slideshow_slide_transition&quot;:&quot;fade&quot;,&quot;background_slideshow_transition_duration&quot;:500}\">\n\t\t\t\t<\/div>\n\t\t\t\t<div class=\"elementor-element elementor-element-38f47358 elementor-widget elementor-widget-text-editor\" data-id=\"38f47358\" data-element_type=\"widget\" data-widget_type=\"text-editor.default\">\n\t\t\t\t<div class=\"elementor-widget-container\">\n\t\t\t\t\t\t\t\t\t<h5><strong>Disponemos de la mejor aparatolog\u00eda para la eliminaci\u00f3n del vello no deseado<\/strong><\/h5><p><strong>Fotodepilaci\u00f3n:<br \/><\/strong><\/p><p>La depilaci\u00f3n l\u00e1ser o fotodepilaci\u00f3n por Luz Pulsada Intensa (IPL) son, sin duda, los m\u00e9todos m\u00e1s eficaces, c\u00f3modos y seguros para eliminar el vello de forma permanente. Son pr\u00e1cticamente indoloros y aportan suavidad a la piel. Adem\u00e1s, la eficacia m\u00e9dica del l\u00e1ser permite tratar satisfactoriamente los problemas de foliculitis (nacimiento del vello por debajo de la piel) y de hirsutismo (desarrollo excesivo del pelo).<\/p><p>Para conseguir un alto rendimiento en el tratamiento y no provocar complicaciones (pigmentaciones, quemaduras etc.) hay que conocer la historia de cada persona y tener en cuenta caracter\u00edsticas como fototipos de piel, grosor de pelo, fase de crecimiento de \u00e9ste, edad, sexo, zona a depilar.\u00a0 \u00c9sta es la raz\u00f3n por la que el tratamiento debe ser realizado en un centro m\u00e9dico autorizado por sanidad puesto que si no se hace el tratamiento con el l\u00e1ser o aparato adecuado y las energ\u00edas necesarias, lo que provoca es un vello muy fino que posteriormente ser\u00e1 muy dif\u00edcil de eliminar.<\/p><p>\u00a0<\/p><hr \/><p>\u00a0<\/p><p><strong>L\u00e1ser Diodo \u00abLight Sheer\u00bb:<\/strong><\/p><p>El Lightsheer utiliza la \u00faltima generaci\u00f3n de l\u00e1ser de diodo para eliminar de forma permanente el vello no deseado. Produce un haz de luz grande y concentrado. La luz emitida es absorbida por el pigmento situado en los fol\u00edculos pilosos. Durante el procedimiento, el l\u00e1ser emite pulsos por fracci\u00f3n de segundo, lo que permite al cabello absorber la luz y calentarse. El calor da\u00f1a el tallo y el bulbo, e impide considerablemente su capacidad para que vuelva a crecer. Adem\u00e1s, permite tratar muchos fol\u00edculos simult\u00e1neamente, permitiendo un tratamiento mucho m\u00e1s r\u00e1pido que la depilaci\u00f3n l\u00e1ser tradicional.<\/p><p>\u00a0<\/p><p>\u00a0<\/p><p><strong>La duraci\u00f3n de la sesi\u00f3n, el precio y las sesiones variar\u00e1n mucho en funci\u00f3n de cada paciente y sus necesidades.<\/strong><\/p>\t\t\t\t\t\t\t\t<\/div>\n\t\t\t\t<\/div>\n\t\t<div class=\"elementor-element elementor-element-24516449 e-con-full e-flex e-con e-child\" data-id=\"24516449\" data-element_type=\"container\" id=\"contacto\" data-settings=\"{&quot;background_background&quot;:&quot;classic&quot;}\">\n\t\t\t\t<div class=\"elementor-element elementor-element-2e5916f9 elementor-widget elementor-widget-heading\" data-id=\"2e5916f9\" data-element_type=\"widget\" data-widget_type=\"heading.default\">\n\t\t\t\t<div class=\"elementor-widget-container\">\n\t\t\t\t\t<h2 class=\"elementor-heading-title elementor-size-default\">Solicita informaci\u00f3n sin compromiso.<\/h2>\t\t\t\t<\/div>\n\t\t\t\t<\/div>\n\t\t\t\t<div class=\"elementor-element elementor-element-7a2731f formulario-interes-servicio elementor-button-align-stretch elementor-widget elementor-widget-global elementor-global-1481 elementor-widget-form\" data-id=\"7a2731f\" data-element_type=\"widget\" data-settings=\"{&quot;step_next_label&quot;:&quot;Next&quot;,&quot;step_previous_label&quot;:&quot;Previous&quot;,&quot;button_width&quot;:&quot;100&quot;,&quot;step_type&quot;:&quot;number_text&quot;,&quot;step_icon_shape&quot;:&quot;circle&quot;}\" data-widget_type=\"form.default\">\n\t\t\t\t<div class=\"elementor-widget-container\">\n\t\t\t\t\t\t\t<form class=\"elementor-form\" method=\"post\" name=\"Formulario: General\">\n\t\t\t<input type=\"hidden\" name=\"post_id\" value=\"728\"\/>\n\t\t\t<input type=\"hidden\" name=\"form_id\" value=\"7a2731f\"\/>\n\t\t\t<input type=\"hidden\" name=\"referer_title\" value=\"Galeno Clinic Est\u00e9tica\" \/>\n\n\t\t\t\n\t\t\t<div class=\"elementor-form-fields-wrapper elementor-labels-above\">\n\t\t\t\t\t\t\t\t<div class=\"elementor-field-type-email elementor-field-group elementor-column elementor-field-group-email elementor-col-100 elementor-field-required\">\n\t\t\t\t\t\t\t\t\t\t\t\t<label for=\"form-field-email\" class=\"elementor-field-label\">\n\t\t\t\t\t\t\t\tTu email\t\t\t\t\t\t\t<\/label>\n\t\t\t\t\t\t\t\t\t\t\t\t\t\t<input size=\"1\" type=\"email\" name=\"form_fields[email]\" id=\"form-field-email\" class=\"elementor-field elementor-size-sm  elementor-field-textual\" placeholder=\"Tu email\" required=\"required\">\n\t\t\t\t\t\t\t\t\t\t\t<\/div>\n\t\t\t\t\t\t\t\t<div class=\"elementor-field-type-text elementor-field-group elementor-column elementor-field-group-name elementor-col-50\">\n\t\t\t\t\t\t\t\t\t\t\t\t<label for=\"form-field-name\" class=\"elementor-field-label\">\n\t\t\t\t\t\t\t\tNombre\t\t\t\t\t\t\t<\/label>\n\t\t\t\t\t\t\t\t\t\t\t\t\t\t<input size=\"1\" type=\"text\" name=\"form_fields[name]\" id=\"form-field-name\" class=\"elementor-field elementor-size-sm  elementor-field-textual\" placeholder=\"Nombre\">\n\t\t\t\t\t\t\t\t\t\t\t<\/div>\n\t\t\t\t\t\t\t\t<div class=\"elementor-field-type-text elementor-field-group elementor-column elementor-field-group-field_07de1e6 elementor-col-50\">\n\t\t\t\t\t\t\t\t\t\t\t\t<label for=\"form-field-field_07de1e6\" class=\"elementor-field-label\">\n\t\t\t\t\t\t\t\tApellido(s)\t\t\t\t\t\t\t<\/label>\n\t\t\t\t\t\t\t\t\t\t\t\t\t\t<input size=\"1\" type=\"text\" name=\"form_fields[field_07de1e6]\" id=\"form-field-field_07de1e6\" class=\"elementor-field elementor-size-sm  elementor-field-textual\" placeholder=\"Apellido(s)\">\n\t\t\t\t\t\t\t\t\t\t\t<\/div>\n\t\t\t\t\t\t\t\t<div class=\"elementor-field-type-select elementor-field-group elementor-column elementor-field-group-interes_dropdown elementor-col-100\">\n\t\t\t\t\t\t\t\t\t\t\t\t<label for=\"form-field-interes_dropdown\" class=\"elementor-field-label\">\n\t\t\t\t\t\t\t\t\u00bfQu\u00e9 servicio te interesa?\t\t\t\t\t\t\t<\/label>\n\t\t\t\t\t\t\t\t<div class=\"elementor-field elementor-select-wrapper remove-before \">\n\t\t\t<div class=\"select-caret-down-wrapper\">\n\t\t\t\t<svg aria-hidden=\"true\" class=\"e-font-icon-svg e-eicon-caret-down\" viewBox=\"0 0 571.4 571.4\" xmlns=\"http:\/\/www.w3.org\/2000\/svg\"><path d=\"M571 393Q571 407 561 418L311 668Q300 679 286 679T261 668L11 418Q0 407 0 393T11 368 36 357H536Q550 357 561 368T571 393Z\"><\/path><\/svg>\t\t\t<\/div>\n\t\t\t<select name=\"form_fields[interes_dropdown]\" id=\"form-field-interes_dropdown\" class=\"elementor-field-textual elementor-size-sm\">\n\t\t\t\t\t\t\t\t\t<option value=\"empty\">\u00bfQu\u00e9 servicio te interesa?<\/option>\n\t\t\t\t\t\t\t\t\t<option value=\"blanqueamientoDental\">Blanqueamiento Dental<\/option>\n\t\t\t\t\t\t\t\t\t<option value=\"cirugiaPlastica\">Cirug\u00eda Pl\u00e1stica<\/option>\n\t\t\t\t\t\t\t\t\t<option value=\"depilacionLaser\">Depilaci\u00f3n L\u00e1ser<\/option>\n\t\t\t\t\t\t\t\t\t<option value=\"nutricionYDietas\">Nutrici\u00f3n &amp; Dietas<\/option>\n\t\t\t\t\t\t\t\t\t<option value=\"tarjetaRegalo\">Tarjeta Regalo<\/option>\n\t\t\t\t\t\t\t\t\t<option value=\"tratamientosCorporales\">Tratamientos Corporales<\/option>\n\t\t\t\t\t\t\t\t\t<option value=\"tratamientosFaciales\">Tratamientos Faciales<\/option>\n\t\t\t\t\t\t\t\t\t<option value=\"unidadCapilar\">Unidad Capilar<\/option>\n\t\t\t\t\t\t\t\t\t<option value=\"asesoramiento\">No lo s\u00e9, necesito asesoramiento<\/option>\n\t\t\t\t\t\t\t<\/select>\n\t\t<\/div>\n\t\t\t\t\t\t<\/div>\n\t\t\t\t\t\t\t\t<div class=\"elementor-field-type-textarea elementor-field-group elementor-column elementor-field-group-message elementor-col-100\">\n\t\t\t\t\t\t\t\t\t\t\t\t<label for=\"form-field-message\" class=\"elementor-field-label\">\n\t\t\t\t\t\t\t\t\u00bfNos quieres contar algo m\u00e1s?\t\t\t\t\t\t\t<\/label>\n\t\t\t\t\t\t<textarea class=\"elementor-field-textual elementor-field  elementor-size-sm\" name=\"form_fields[message]\" id=\"form-field-message\" rows=\"4\" placeholder=\"\u00bfNos quieres contar algo m\u00e1s?\"><\/textarea>\t\t\t\t<\/div>\n\t\t\t\t\t\t\t\t<div class=\"elementor-field-type-recaptcha_v3 elementor-field-group elementor-column elementor-field-group-field_372dfdd elementor-col-100 recaptcha_v3-bottomright\">\n\t\t\t\t\t<div class=\"elementor-field\" id=\"form-field-field_372dfdd\"><div class=\"elementor-g-recaptcha\" data-sitekey=\"6LeYssUqAAAAAOrzKVXVit0Q1KU8K-FVUpdKvgO4\" data-type=\"v3\" data-action=\"Form\" data-badge=\"bottomright\" data-size=\"invisible\"><\/div><\/div>\t\t\t\t<\/div>\n\t\t\t\t\t\t\t\t<div class=\"elementor-field-type-html elementor-field-group elementor-column elementor-field-group-field_3faf34b elementor-col-100\">\n\t\t\t\t\t<small>\n<b>PROTECCI\u00d3N DE DATOS:<\/b><br>\nDe conformidad con las normativas de protecci\u00f3n de datos, le facilitamos la siguiente informaci\u00f3n del tratamiento:<br>\nResponsable: BASILIO SAFAR URFALLI<br>\nFines del tratamiento: mantener una relaci\u00f3n comercial y enviar comunicaciones de productos o servicios<br>\nDerechos que le asisten: acceso, rectificaci\u00f3n, portabilidad, supresi\u00f3n, limitaci\u00f3n y oposici\u00f3n<br>M\u00e1s informaci\u00f3n en la <a href=\"https:\/\/galenoclinic.com\/politica-privacidad\/\" target=\"_blank\">Pol\u00edtica de Privacidad<\/a>\n<\/small>\t\t\t\t<\/div>\n\t\t\t\t\t\t\t\t<div class=\"elementor-field-type-acceptance elementor-field-group elementor-column elementor-field-group-field_a721186 elementor-col-100 elementor-field-required\">\n\t\t\t\t\t\t\t<div class=\"elementor-field-subgroup\">\n\t\t\t<span class=\"elementor-field-option\">\n\t\t\t\t<input type=\"checkbox\" name=\"form_fields[field_a721186]\" id=\"form-field-field_a721186\" class=\"elementor-field elementor-size-sm  elementor-acceptance-field\" required=\"required\" checked=\"checked\">\n\t\t\t\t<label for=\"form-field-field_a721186\"><small>Acepto el tratamiento de mis datos para el env\u00edo de comunicaciones de productos o servicios.<\/small><\/label>\t\t\t<\/span>\n\t\t<\/div>\n\t\t\t\t\t\t<\/div>\n\t\t\t\t\t\t\t\t<div class=\"elementor-field-group elementor-column elementor-field-type-submit elementor-col-100 e-form__buttons\">\n\t\t\t\t\t<button class=\"elementor-button elementor-size-sm\" type=\"submit\">\n\t\t\t\t\t\t<span class=\"elementor-button-content-wrapper\">\n\t\t\t\t\t\t\t\t\t\t\t\t\t\t\t\t\t\t\t\t\t\t<span class=\"elementor-button-text\">Enviar<\/span>\n\t\t\t\t\t\t\t\t\t\t\t\t\t<\/span>\n\t\t\t\t\t<\/button>\n\t\t\t\t<\/div>\n\t\t\t<\/div>\n\t\t<\/form>\n\t\t\t\t\t\t<\/div>\n\t\t\t\t<\/div>\n\t\t\t\t<\/div>\n\t\t\t\t<\/div>\n\t\t\t\t<\/div>\n\t\t\t\t<\/div>\n\t\t","protected":false},"excerpt":{"rendered":"<p>Si est\u00e1s buscando tu centro para comenzar tus sesiones de depilaci\u00f3n con l\u00e1ser no dudes en contactarnos. Nuestros expertos se encargar\u00e1n de personalizar el tratamiento, bas\u00e1ndonos en tu tipo de vello y de piel, as\u00ed como, tu estilo de vida. Primera visita gratis Solicitar Informaci\u00f3n Disponemos de la mejor aparatolog\u00eda para la eliminaci\u00f3n del vello [&hellip;]<\/p>\n","protected":false},"author":1,"featured_media":0,"parent":63,"menu_order":0,"comment_status":"closed","ping_status":"closed","template":"","meta":{"footnotes":""},"class_list":["post-728","page","type-page","status-publish","hentry"],"yoast_head":"<!-- This site is optimized with the Yoast SEO plugin v24.7 - https:\/\/yoast.com\/wordpress\/plugins\/seo\/ -->\n<title>Depilaci\u00f3n L\u00e1ser en Ibiza | Galeno Clinic Est\u00e9tica<\/title>\n<meta name=\"description\" content=\"Elimina el vello no deseado con depilaci\u00f3n l\u00e1ser en Galeno Clinic Ibiza. Tratamiento seguro, eficaz y personalizado.\" \/>\n<meta name=\"robots\" content=\"index, follow, max-snippet:-1, max-image-preview:large, max-video-preview:-1\" \/>\n<link rel=\"canonical\" href=\"https:\/\/galenoclinic.com\/estetica\/servicios\/depilacion-laser\/\" \/>\n<meta property=\"og:locale\" content=\"es_ES\" \/>\n<meta property=\"og:type\" content=\"article\" \/>\n<meta property=\"og:title\" content=\"Depilaci\u00f3n L\u00e1ser en Ibiza | Galeno Clinic Est\u00e9tica\" \/>\n<meta property=\"og:description\" content=\"Elimina el vello no deseado con depilaci\u00f3n l\u00e1ser en Galeno Clinic Ibiza. Tratamiento seguro, eficaz y personalizado.\" \/>\n<meta property=\"og:url\" content=\"https:\/\/galenoclinic.com\/estetica\/servicios\/depilacion-laser\/\" \/>\n<meta property=\"og:site_name\" content=\"Galeno Clinic Est\u00e9tica\" \/>\n<meta property=\"article:publisher\" content=\"https:\/\/www.facebook.com\/GalenoClinicIbiza\/?locale=es_ES\" \/>\n<meta property=\"article:modified_time\" content=\"2025-02-19T09:25:37+00:00\" \/>\n<meta property=\"og:image\" content=\"https:\/\/galenoclinic.com\/estetica\/wp-content\/uploads\/sites\/3\/2025\/01\/estetica-galeno.png\" \/>\n\t<meta property=\"og:image:width\" content=\"900\" \/>\n\t<meta property=\"og:image:height\" content=\"600\" \/>\n\t<meta property=\"og:image:type\" content=\"image\/png\" \/>\n<meta name=\"twitter:card\" content=\"summary_large_image\" \/>\n<meta name=\"twitter:label1\" content=\"Tiempo de lectura\" \/>\n\t<meta name=\"twitter:data1\" content=\"2 minutos\" \/>\n<script type=\"application\/ld+json\" class=\"yoast-schema-graph\">{\"@context\":\"https:\/\/schema.org\",\"@graph\":[{\"@type\":\"WebPage\",\"@id\":\"https:\/\/galenoclinic.com\/estetica\/servicios\/depilacion-laser\/\",\"url\":\"https:\/\/galenoclinic.com\/estetica\/servicios\/depilacion-laser\/\",\"name\":\"Depilaci\u00f3n L\u00e1ser en Ibiza | Galeno Clinic Est\u00e9tica\",\"isPartOf\":{\"@id\":\"https:\/\/galenoclinic.com\/estetica\/#website\"},\"datePublished\":\"2025-01-28T12:49:45+00:00\",\"dateModified\":\"2025-02-19T09:25:37+00:00\",\"description\":\"Elimina el vello no deseado con depilaci\u00f3n l\u00e1ser en Galeno Clinic Ibiza. Tratamiento seguro, eficaz y personalizado.\",\"breadcrumb\":{\"@id\":\"https:\/\/galenoclinic.com\/estetica\/servicios\/depilacion-laser\/#breadcrumb\"},\"inLanguage\":\"es\",\"potentialAction\":[{\"@type\":\"ReadAction\",\"target\":[\"https:\/\/galenoclinic.com\/estetica\/servicios\/depilacion-laser\/\"]}]},{\"@type\":\"BreadcrumbList\",\"@id\":\"https:\/\/galenoclinic.com\/estetica\/servicios\/depilacion-laser\/#breadcrumb\",\"itemListElement\":[{\"@type\":\"ListItem\",\"position\":1,\"name\":\"Home\",\"item\":\"https:\/\/galenoclinic.com\/estetica\/\"},{\"@type\":\"ListItem\",\"position\":2,\"name\":\"Servicios\",\"item\":\"https:\/\/galenoclinic.com\/estetica\/servicios\/\"},{\"@type\":\"ListItem\",\"position\":3,\"name\":\"Depilaci\u00f3n L\u00e1ser\"}]},{\"@type\":\"WebSite\",\"@id\":\"https:\/\/galenoclinic.com\/estetica\/#website\",\"url\":\"https:\/\/galenoclinic.com\/estetica\/\",\"name\":\"Galeno Clinic Est\u00e9tica\",\"description\":\"Medicina y Cirug\u00eda Est\u00e9tica\",\"publisher\":{\"@id\":\"https:\/\/galenoclinic.com\/estetica\/#organization\"},\"potentialAction\":[{\"@type\":\"SearchAction\",\"target\":{\"@type\":\"EntryPoint\",\"urlTemplate\":\"https:\/\/galenoclinic.com\/estetica\/?s={search_term_string}\"},\"query-input\":{\"@type\":\"PropertyValueSpecification\",\"valueRequired\":true,\"valueName\":\"search_term_string\"}}],\"inLanguage\":\"es\"},{\"@type\":\"Organization\",\"@id\":\"https:\/\/galenoclinic.com\/estetica\/#organization\",\"name\":\"Galeno Clinic Est\u00e9tica\",\"url\":\"https:\/\/galenoclinic.com\/estetica\/\",\"logo\":{\"@type\":\"ImageObject\",\"inLanguage\":\"es\",\"@id\":\"https:\/\/galenoclinic.com\/estetica\/#\/schema\/logo\/image\/\",\"url\":\"https:\/\/galenoclinic.com\/estetica\/wp-content\/uploads\/sites\/3\/2025\/01\/galenoEstetica_favicon.png\",\"contentUrl\":\"https:\/\/galenoclinic.com\/estetica\/wp-content\/uploads\/sites\/3\/2025\/01\/galenoEstetica_favicon.png\",\"width\":128,\"height\":128,\"caption\":\"Galeno Clinic Est\u00e9tica\"},\"image\":{\"@id\":\"https:\/\/galenoclinic.com\/estetica\/#\/schema\/logo\/image\/\"},\"sameAs\":[\"https:\/\/www.facebook.com\/GalenoClinicIbiza\/?locale=es_ES\",\"https:\/\/www.instagram.com\/galeno_clinic_ibiza\/?hl=es\"]}]}<\/script>\n<!-- \/ Yoast SEO plugin. -->","yoast_head_json":{"title":"Depilaci\u00f3n L\u00e1ser en Ibiza | Galeno Clinic Est\u00e9tica","description":"Elimina el vello no deseado con depilaci\u00f3n l\u00e1ser en Galeno Clinic Ibiza. Tratamiento seguro, eficaz y personalizado.","robots":{"index":"index","follow":"follow","max-snippet":"max-snippet:-1","max-image-preview":"max-image-preview:large","max-video-preview":"max-video-preview:-1"},"canonical":"https:\/\/galenoclinic.com\/estetica\/servicios\/depilacion-laser\/","og_locale":"es_ES","og_type":"article","og_title":"Depilaci\u00f3n L\u00e1ser en Ibiza | Galeno Clinic Est\u00e9tica","og_description":"Elimina el vello no deseado con depilaci\u00f3n l\u00e1ser en Galeno Clinic Ibiza. Tratamiento seguro, eficaz y personalizado.","og_url":"https:\/\/galenoclinic.com\/estetica\/servicios\/depilacion-laser\/","og_site_name":"Galeno Clinic Est\u00e9tica","article_publisher":"https:\/\/www.facebook.com\/GalenoClinicIbiza\/?locale=es_ES","article_modified_time":"2025-02-19T09:25:37+00:00","og_image":[{"width":900,"height":600,"url":"https:\/\/galenoclinic.com\/estetica\/wp-content\/uploads\/sites\/3\/2025\/01\/estetica-galeno.png","type":"image\/png"}],"twitter_card":"summary_large_image","twitter_misc":{"Tiempo de lectura":"2 minutos"},"schema":{"@context":"https:\/\/schema.org","@graph":[{"@type":"WebPage","@id":"https:\/\/galenoclinic.com\/estetica\/servicios\/depilacion-laser\/","url":"https:\/\/galenoclinic.com\/estetica\/servicios\/depilacion-laser\/","name":"Depilaci\u00f3n L\u00e1ser en Ibiza | Galeno Clinic Est\u00e9tica","isPartOf":{"@id":"https:\/\/galenoclinic.com\/estetica\/#website"},"datePublished":"2025-01-28T12:49:45+00:00","dateModified":"2025-02-19T09:25:37+00:00","description":"Elimina el vello no deseado con depilaci\u00f3n l\u00e1ser en Galeno Clinic Ibiza. Tratamiento seguro, eficaz y personalizado.","breadcrumb":{"@id":"https:\/\/galenoclinic.com\/estetica\/servicios\/depilacion-laser\/#breadcrumb"},"inLanguage":"es","potentialAction":[{"@type":"ReadAction","target":["https:\/\/galenoclinic.com\/estetica\/servicios\/depilacion-laser\/"]}]},{"@type":"BreadcrumbList","@id":"https:\/\/galenoclinic.com\/estetica\/servicios\/depilacion-laser\/#breadcrumb","itemListElement":[{"@type":"ListItem","position":1,"name":"Home","item":"https:\/\/galenoclinic.com\/estetica\/"},{"@type":"ListItem","position":2,"name":"Servicios","item":"https:\/\/galenoclinic.com\/estetica\/servicios\/"},{"@type":"ListItem","position":3,"name":"Depilaci\u00f3n L\u00e1ser"}]},{"@type":"WebSite","@id":"https:\/\/galenoclinic.com\/estetica\/#website","url":"https:\/\/galenoclinic.com\/estetica\/","name":"Galeno Clinic Est\u00e9tica","description":"Medicina y Cirug\u00eda Est\u00e9tica","publisher":{"@id":"https:\/\/galenoclinic.com\/estetica\/#organization"},"potentialAction":[{"@type":"SearchAction","target":{"@type":"EntryPoint","urlTemplate":"https:\/\/galenoclinic.com\/estetica\/?s={search_term_string}"},"query-input":{"@type":"PropertyValueSpecification","valueRequired":true,"valueName":"search_term_string"}}],"inLanguage":"es"},{"@type":"Organization","@id":"https:\/\/galenoclinic.com\/estetica\/#organization","name":"Galeno Clinic Est\u00e9tica","url":"https:\/\/galenoclinic.com\/estetica\/","logo":{"@type":"ImageObject","inLanguage":"es","@id":"https:\/\/galenoclinic.com\/estetica\/#\/schema\/logo\/image\/","url":"https:\/\/galenoclinic.com\/estetica\/wp-content\/uploads\/sites\/3\/2025\/01\/galenoEstetica_favicon.png","contentUrl":"https:\/\/galenoclinic.com\/estetica\/wp-content\/uploads\/sites\/3\/2025\/01\/galenoEstetica_favicon.png","width":128,"height":128,"caption":"Galeno Clinic Est\u00e9tica"},"image":{"@id":"https:\/\/galenoclinic.com\/estetica\/#\/schema\/logo\/image\/"},"sameAs":["https:\/\/www.facebook.com\/GalenoClinicIbiza\/?locale=es_ES","https:\/\/www.instagram.com\/galeno_clinic_ibiza\/?hl=es"]}]}},"_links":{"self":[{"href":"https:\/\/galenoclinic.com\/estetica\/wp-json\/wp\/v2\/pages\/728","targetHints":{"allow":["GET"]}}],"collection":[{"href":"https:\/\/galenoclinic.com\/estetica\/wp-json\/wp\/v2\/pages"}],"about":[{"href":"https:\/\/galenoclinic.com\/estetica\/wp-json\/wp\/v2\/types\/page"}],"author":[{"embeddable":true,"href":"https:\/\/galenoclinic.com\/estetica\/wp-json\/wp\/v2\/users\/1"}],"replies":[{"embeddable":true,"href":"https:\/\/galenoclinic.com\/estetica\/wp-json\/wp\/v2\/comments?post=728"}],"version-history":[{"count":10,"href":"https:\/\/galenoclinic.com\/estetica\/wp-json\/wp\/v2\/pages\/728\/revisions"}],"predecessor-version":[{"id":1544,"href":"https:\/\/galenoclinic.com\/estetica\/wp-json\/wp\/v2\/pages\/728\/revisions\/1544"}],"up":[{"embeddable":true,"href":"https:\/\/galenoclinic.com\/estetica\/wp-json\/wp\/v2\/pages\/63"}],"wp:attachment":[{"href":"https:\/\/galenoclinic.com\/estetica\/wp-json\/wp\/v2\/media?parent=728"}],"curies":[{"name":"wp","href":"https:\/\/api.w.org\/{rel}","templated":true}]}}