{"id":93,"date":"2025-01-23T13:28:56","date_gmt":"2025-01-23T13:28:56","guid":{"rendered":"https:\/\/galenoclinic.com\/estetica\/?page_id=93"},"modified":"2025-03-24T10:00:51","modified_gmt":"2025-03-24T10:00:51","slug":"acne","status":"publish","type":"page","link":"https:\/\/galenoclinic.com\/estetica\/servicios\/tratamientos-faciales\/acne\/","title":{"rendered":"Tratamiento para el Acn\u00e9"},"content":{"rendered":"\t\t<div data-elementor-type=\"wp-page\" data-elementor-id=\"93\" class=\"elementor elementor-93\" data-elementor-post-type=\"page\">\n\t\t\t\t<div class=\"elementor-element elementor-element-7e12cddf e-con-full tratamiento-container e-flex e-con e-parent\" data-id=\"7e12cddf\" data-element_type=\"container\" interes=\"acne\">\n\t\t<div class=\"elementor-element elementor-element-17711dca e-con-full e-flex e-con e-child\" data-id=\"17711dca\" data-element_type=\"container\" data-settings=\"{&quot;sticky&quot;:&quot;top&quot;,&quot;sticky_on&quot;:[&quot;desktop&quot;,&quot;tablet&quot;],&quot;sticky_offset&quot;:120,&quot;sticky_parent&quot;:&quot;yes&quot;,&quot;sticky_effects_offset&quot;:0,&quot;sticky_anchor_link_offset&quot;:0}\">\n\t\t\t\t<div class=\"elementor-element elementor-element-74d2ec8b elementor-widget elementor-widget-heading\" data-id=\"74d2ec8b\" data-element_type=\"widget\" data-widget_type=\"heading.default\">\n\t\t\t\t<div class=\"elementor-widget-container\">\n\t\t\t\t\t<h2 class=\"elementor-heading-title elementor-size-default\">Tratamiento para el acn\u00e9 en Ibiza<\/h2>\t\t\t\t<\/div>\n\t\t\t\t<\/div>\n\t\t\t\t<div class=\"elementor-element elementor-element-68b9524b elementor-position-left elementor-mobile-position-left elementor-vertical-align-middle elementor-view-default elementor-widget elementor-widget-icon-box\" data-id=\"68b9524b\" data-element_type=\"widget\" data-widget_type=\"icon-box.default\">\n\t\t\t\t<div class=\"elementor-widget-container\">\n\t\t\t\t\t\t\t<div class=\"elementor-icon-box-wrapper\">\n\n\t\t\t\t\t\t<div class=\"elementor-icon-box-icon\">\n\t\t\t\t<span  class=\"elementor-icon\">\n\t\t\t\t<svg xmlns=\"http:\/\/www.w3.org\/2000\/svg\" width=\"21\" height=\"22\" viewBox=\"0 0 21 22\" fill=\"none\"><g opacity=\"0.7\"><path d=\"M10.5 3.125C6.15234 3.125 2.625 6.65234 2.625 11C2.625 15.3477 6.15234 18.875 10.5 18.875C14.8477 18.875 18.375 15.3477 18.375 11C18.375 6.65234 14.8477 3.125 10.5 3.125Z\" stroke=\"black\" stroke-width=\"1.5\" stroke-miterlimit=\"10\"><\/path><path d=\"M10.5 5.75V11.6562H14.4375\" stroke=\"black\" stroke-width=\"1.5\" stroke-linecap=\"round\" stroke-linejoin=\"round\"><\/path><\/g><\/svg>\t\t\t\t<\/span>\n\t\t\t<\/div>\n\t\t\t\n\t\t\t\t\t\t<div class=\"elementor-icon-box-content\">\n\n\t\t\t\t\t\t\t\t\t<h3 class=\"elementor-icon-box-title\">\n\t\t\t\t\t\t<span  >\n\t\t\t\t\t\t\tTratamiento: Seg\u00fan Paciente\t\t\t\t\t\t<\/span>\n\t\t\t\t\t<\/h3>\n\t\t\t\t\n\t\t\t\t\n\t\t\t<\/div>\n\t\t\t\n\t\t<\/div>\n\t\t\t\t\t\t<\/div>\n\t\t\t\t<\/div>\n\t\t\t\t<div class=\"elementor-element elementor-element-3ccea4f3 elementor-position-left elementor-mobile-position-left elementor-vertical-align-middle elementor-view-default elementor-widget elementor-widget-icon-box\" data-id=\"3ccea4f3\" data-element_type=\"widget\" data-widget_type=\"icon-box.default\">\n\t\t\t\t<div class=\"elementor-widget-container\">\n\t\t\t\t\t\t\t<div class=\"elementor-icon-box-wrapper\">\n\n\t\t\t\t\t\t<div class=\"elementor-icon-box-icon\">\n\t\t\t\t<span  class=\"elementor-icon\">\n\t\t\t\t<svg xmlns=\"http:\/\/www.w3.org\/2000\/svg\" width=\"25\" height=\"24\" viewBox=\"0 0 25 24\" fill=\"none\"><path d=\"M23.6154 9.57692H14.9327L12.3077 1.5L9.68269 9.57692H1L8.06731 14.4231L5.34135 22.5L12.3077 17.4519L19.274 22.5L16.5481 14.4231L23.6154 9.57692Z\" stroke=\"black\" stroke-width=\"1.5\" stroke-linejoin=\"round\"><\/path><\/svg>\t\t\t\t<\/span>\n\t\t\t<\/div>\n\t\t\t\n\t\t\t\t\t\t<div class=\"elementor-icon-box-content\">\n\n\t\t\t\t\t\t\t\t\t<h3 class=\"elementor-icon-box-title\">\n\t\t\t\t\t\t<span  >\n\t\t\t\t\t\t\tPrimera visita gratis\t\t\t\t\t\t<\/span>\n\t\t\t\t\t<\/h3>\n\t\t\t\t\n\t\t\t\t\n\t\t\t<\/div>\n\t\t\t\n\t\t<\/div>\n\t\t\t\t\t\t<\/div>\n\t\t\t\t<\/div>\n\t\t\t\t<div class=\"elementor-element elementor-element-1d85a217 elementor-widget elementor-widget-button\" data-id=\"1d85a217\" data-element_type=\"widget\" data-widget_type=\"button.default\">\n\t\t\t\t<div class=\"elementor-widget-container\">\n\t\t\t\t\t\t\t\t\t<div class=\"elementor-button-wrapper\">\n\t\t\t\t\t<a class=\"elementor-button elementor-button-link elementor-size-sm\" href=\"#contacto\">\n\t\t\t\t\t\t<span class=\"elementor-button-content-wrapper\">\n\t\t\t\t\t\t\t\t\t<span class=\"elementor-button-text\">Solicitar Informaci\u00f3n<\/span>\n\t\t\t\t\t<\/span>\n\t\t\t\t\t<\/a>\n\t\t\t\t<\/div>\n\t\t\t\t\t\t\t\t<\/div>\n\t\t\t\t<\/div>\n\t\t\t\t<\/div>\n\t\t<div class=\"elementor-element elementor-element-afff98d e-con-full e-flex e-con e-child\" data-id=\"afff98d\" data-element_type=\"container\">\n\t\t<div class=\"elementor-element elementor-element-d7882dc e-con-full e-flex e-con e-child\" data-id=\"d7882dc\" data-element_type=\"container\" data-settings=\"{&quot;background_background&quot;:&quot;slideshow&quot;,&quot;background_slideshow_gallery&quot;:[{&quot;id&quot;:916,&quot;url&quot;:&quot;https:\\\/\\\/galenoclinic.com\\\/estetica\\\/wp-content\\\/uploads\\\/sites\\\/3\\\/2025\\\/02\\\/acne.jpg&quot;},{&quot;id&quot;:912,&quot;url&quot;:&quot;https:\\\/\\\/galenoclinic.com\\\/estetica\\\/wp-content\\\/uploads\\\/sites\\\/3\\\/2025\\\/02\\\/IMG_1204.jpg&quot;}],&quot;background_slideshow_slide_duration&quot;:3000,&quot;background_slideshow_loop&quot;:&quot;yes&quot;,&quot;background_slideshow_slide_transition&quot;:&quot;fade&quot;,&quot;background_slideshow_transition_duration&quot;:500}\">\n\t\t\t\t<\/div>\n\t\t\t\t<div class=\"elementor-element elementor-element-45658a6f elementor-widget elementor-widget-text-editor\" data-id=\"45658a6f\" data-element_type=\"widget\" data-widget_type=\"text-editor.default\">\n\t\t\t\t<div class=\"elementor-widget-container\">\n\t\t\t\t\t\t\t\t\t<p>El tratamiento del acn\u00e9 debe ser individualizado en cada caso, dependiendo del tipo de acn\u00e9, de su severidad y de la edad del paciente. Nuestro profesional m\u00e9dico realizar\u00e1 un estudio encaminado a conocer qu\u00e9 tipo de acn\u00e9 es el suyo, y le asesoraremos sobre el tratamiento m\u00e1s adecuado en su caso.<\/p><p>La primera visita informativa es gratuita.<\/p>\t\t\t\t\t\t\t\t<\/div>\n\t\t\t\t<\/div>\n\t\t<div class=\"elementor-element elementor-element-3b83c7e0 e-con-full e-flex e-con e-child\" data-id=\"3b83c7e0\" data-element_type=\"container\" id=\"contacto\" data-settings=\"{&quot;background_background&quot;:&quot;classic&quot;}\">\n\t\t\t\t<div class=\"elementor-element elementor-element-c772e75 elementor-widget elementor-widget-heading\" data-id=\"c772e75\" data-element_type=\"widget\" data-widget_type=\"heading.default\">\n\t\t\t\t<div class=\"elementor-widget-container\">\n\t\t\t\t\t<h2 class=\"elementor-heading-title elementor-size-default\">Solicita informaci\u00f3n sin compromiso.<\/h2>\t\t\t\t<\/div>\n\t\t\t\t<\/div>\n\t\t\t\t<div class=\"elementor-element elementor-element-972d835 formulario-interes-servicio elementor-button-align-stretch elementor-widget elementor-widget-global elementor-global-1595 elementor-widget-form\" data-id=\"972d835\" data-element_type=\"widget\" data-settings=\"{&quot;step_next_label&quot;:&quot;Next&quot;,&quot;step_previous_label&quot;:&quot;Previous&quot;,&quot;button_width&quot;:&quot;100&quot;,&quot;step_type&quot;:&quot;number_text&quot;,&quot;step_icon_shape&quot;:&quot;circle&quot;}\" data-widget_type=\"form.default\">\n\t\t\t\t<div class=\"elementor-widget-container\">\n\t\t\t\t\t\t\t<form class=\"elementor-form\" method=\"post\" name=\"Formulario: Tratamientos Faciales\">\n\t\t\t<input type=\"hidden\" name=\"post_id\" value=\"93\"\/>\n\t\t\t<input type=\"hidden\" name=\"form_id\" value=\"972d835\"\/>\n\t\t\t<input type=\"hidden\" name=\"referer_title\" value=\"Galeno Clinic Est\u00e9tica\" \/>\n\n\t\t\t\n\t\t\t<div class=\"elementor-form-fields-wrapper elementor-labels-above\">\n\t\t\t\t\t\t\t\t<div class=\"elementor-field-type-email elementor-field-group elementor-column elementor-field-group-email elementor-col-100 elementor-field-required\">\n\t\t\t\t\t\t\t\t\t\t\t\t<label for=\"form-field-email\" class=\"elementor-field-label\">\n\t\t\t\t\t\t\t\tTu email\t\t\t\t\t\t\t<\/label>\n\t\t\t\t\t\t\t\t\t\t\t\t\t\t<input size=\"1\" type=\"email\" name=\"form_fields[email]\" id=\"form-field-email\" class=\"elementor-field elementor-size-sm  elementor-field-textual\" placeholder=\"Tu email\" required=\"required\">\n\t\t\t\t\t\t\t\t\t\t\t<\/div>\n\t\t\t\t\t\t\t\t<div class=\"elementor-field-type-text elementor-field-group elementor-column elementor-field-group-name elementor-col-50\">\n\t\t\t\t\t\t\t\t\t\t\t\t<label for=\"form-field-name\" class=\"elementor-field-label\">\n\t\t\t\t\t\t\t\tNombre\t\t\t\t\t\t\t<\/label>\n\t\t\t\t\t\t\t\t\t\t\t\t\t\t<input size=\"1\" type=\"text\" name=\"form_fields[name]\" id=\"form-field-name\" class=\"elementor-field elementor-size-sm  elementor-field-textual\" placeholder=\"Nombre\">\n\t\t\t\t\t\t\t\t\t\t\t<\/div>\n\t\t\t\t\t\t\t\t<div class=\"elementor-field-type-text elementor-field-group elementor-column elementor-field-group-field_07de1e6 elementor-col-50\">\n\t\t\t\t\t\t\t\t\t\t\t\t<label for=\"form-field-field_07de1e6\" class=\"elementor-field-label\">\n\t\t\t\t\t\t\t\tApellido(s)\t\t\t\t\t\t\t<\/label>\n\t\t\t\t\t\t\t\t\t\t\t\t\t\t<input size=\"1\" type=\"text\" name=\"form_fields[field_07de1e6]\" id=\"form-field-field_07de1e6\" class=\"elementor-field elementor-size-sm  elementor-field-textual\" placeholder=\"Apellido(s)\">\n\t\t\t\t\t\t\t\t\t\t\t<\/div>\n\t\t\t\t\t\t\t\t<div class=\"elementor-field-type-select elementor-field-group elementor-column elementor-field-group-interes_dropdown elementor-col-100\">\n\t\t\t\t\t\t\t\t\t\t\t\t<label for=\"form-field-interes_dropdown\" class=\"elementor-field-label\">\n\t\t\t\t\t\t\t\t\u00bfQu\u00e9 servicio te interesa?\t\t\t\t\t\t\t<\/label>\n\t\t\t\t\t\t\t\t<div class=\"elementor-field elementor-select-wrapper remove-before \">\n\t\t\t<div class=\"select-caret-down-wrapper\">\n\t\t\t\t<svg aria-hidden=\"true\" class=\"e-font-icon-svg e-eicon-caret-down\" viewBox=\"0 0 571.4 571.4\" xmlns=\"http:\/\/www.w3.org\/2000\/svg\"><path d=\"M571 393Q571 407 561 418L311 668Q300 679 286 679T261 668L11 418Q0 407 0 393T11 368 36 357H536Q550 357 561 368T571 393Z\"><\/path><\/svg>\t\t\t<\/div>\n\t\t\t<select name=\"form_fields[interes_dropdown]\" id=\"form-field-interes_dropdown\" class=\"elementor-field-textual elementor-size-sm\">\n\t\t\t\t\t\t\t\t\t<option value=\"empty\">Selecciona un tratamiento<\/option>\n\t\t\t\t\t\t\t\t\t<option value=\"acidoHialuronico\">\u00c1cido Hialur\u00f3nico<\/option>\n\t\t\t\t\t\t\t\t\t<option value=\"acne\">Acne<\/option>\n\t\t\t\t\t\t\t\t\t<option value=\"arrugasYSurcos\">Arrugas y Surcos<\/option>\n\t\t\t\t\t\t\t\t\t<option value=\"coloracionDeOjeras\">Coloraci\u00f3n de Ojeras<\/option>\n\t\t\t\t\t\t\t\t\t<option value=\"flacidez\">Flacidez<\/option>\n\t\t\t\t\t\t\t\t\t<option value=\"fullFace\">Full Face<\/option>\n\t\t\t\t\t\t\t\t\t<option value=\"higieneFacialProfunda\">Higiene Facial Profunda<\/option>\n\t\t\t\t\t\t\t\t\t<option value=\"hilosTensores\">Hilos Tensores<\/option>\n\t\t\t\t\t\t\t\t\t<option value=\"labios\">Labios<\/option>\n\t\t\t\t\t\t\t\t\t<option value=\"manchas\">Manchas<\/option>\n\t\t\t\t\t\t\t\t\t<option value=\"mesoterapiaFacial\">Mesoterapia Facial<\/option>\n\t\t\t\t\t\t\t\t\t<option value=\"neuromoduladores\">Neuromoduladores<\/option>\n\t\t\t\t\t\t\t\t\t<option value=\"peelingsQuimicos\">Peelings Qu\u00edmicos<\/option>\n\t\t\t\t\t\t\t\t\t<option value=\"rejuvenecimientoFacialConIpl\">Rejuvenecimiento Facial con IPL<\/option>\n\t\t\t\t\t\t\t\t\t<option value=\"rejuvenecimientoDeCuelloYEscote\">Rejuvenecimiento de Cuello y Escote<\/option>\n\t\t\t\t\t\t\t\t\t<option value=\"rinomodelacion\">Rinomodelaci\u00f3n<\/option>\n\t\t\t\t\t\t\t\t\t<option value=\"asesoramiento\">No lo s\u00e9, necesito asesoramiento<\/option>\n\t\t\t\t\t\t\t<\/select>\n\t\t<\/div>\n\t\t\t\t\t\t<\/div>\n\t\t\t\t\t\t\t\t<div class=\"elementor-field-type-textarea elementor-field-group elementor-column elementor-field-group-message elementor-col-100\">\n\t\t\t\t\t\t\t\t\t\t\t\t<label for=\"form-field-message\" class=\"elementor-field-label\">\n\t\t\t\t\t\t\t\t\u00bfNos quieres contar algo m\u00e1s?\t\t\t\t\t\t\t<\/label>\n\t\t\t\t\t\t<textarea class=\"elementor-field-textual elementor-field  elementor-size-sm\" name=\"form_fields[message]\" id=\"form-field-message\" rows=\"4\" placeholder=\"\u00bfNos quieres contar algo m\u00e1s?\"><\/textarea>\t\t\t\t<\/div>\n\t\t\t\t\t\t\t\t<div class=\"elementor-field-type-recaptcha_v3 elementor-field-group elementor-column elementor-field-group-field_df816f1 elementor-col-100 recaptcha_v3-bottomright\">\n\t\t\t\t\t<div class=\"elementor-field\" id=\"form-field-field_df816f1\"><div class=\"elementor-g-recaptcha\" data-sitekey=\"6LeYssUqAAAAAOrzKVXVit0Q1KU8K-FVUpdKvgO4\" data-type=\"v3\" data-action=\"Form\" data-badge=\"bottomright\" data-size=\"invisible\"><\/div><\/div>\t\t\t\t<\/div>\n\t\t\t\t\t\t\t\t<div class=\"elementor-field-type-html elementor-field-group elementor-column elementor-field-group-field_1cca679 elementor-col-100\">\n\t\t\t\t\t<small>\n<b>PROTECCI\u00d3N DE DATOS:<\/b><br>\nDe conformidad con las normativas de protecci\u00f3n de datos, le facilitamos la siguiente informaci\u00f3n del tratamiento:<br>\nResponsable: BASILIO SAFAR URFALLI<br>\nFines del tratamiento: mantener una relaci\u00f3n comercial y enviar comunicaciones de productos o servicios<br>\nDerechos que le asisten: acceso, rectificaci\u00f3n, portabilidad, supresi\u00f3n, limitaci\u00f3n y oposici\u00f3n<br>M\u00e1s informaci\u00f3n en la <a href=\"https:\/\/galenoclinic.com\/politica-privacidad\/\" target=\"_blank\">Pol\u00edtica de Privacidad<\/a>\n<\/small>\t\t\t\t<\/div>\n\t\t\t\t\t\t\t\t<div class=\"elementor-field-type-acceptance elementor-field-group elementor-column elementor-field-group-field_2ce2350 elementor-col-100 elementor-field-required\">\n\t\t\t\t\t\t\t<div class=\"elementor-field-subgroup\">\n\t\t\t<span class=\"elementor-field-option\">\n\t\t\t\t<input type=\"checkbox\" name=\"form_fields[field_2ce2350]\" id=\"form-field-field_2ce2350\" class=\"elementor-field elementor-size-sm  elementor-acceptance-field\" required=\"required\" checked=\"checked\">\n\t\t\t\t<label for=\"form-field-field_2ce2350\"><small>Acepto el tratamiento de mis datos para el env\u00edo de comunicaciones de productos o servicios. <\/small><\/label>\t\t\t<\/span>\n\t\t<\/div>\n\t\t\t\t\t\t<\/div>\n\t\t\t\t\t\t\t\t<div class=\"elementor-field-group elementor-column elementor-field-type-submit elementor-col-100 e-form__buttons\">\n\t\t\t\t\t<button class=\"elementor-button elementor-size-sm\" type=\"submit\">\n\t\t\t\t\t\t<span class=\"elementor-button-content-wrapper\">\n\t\t\t\t\t\t\t\t\t\t\t\t\t\t\t\t\t\t\t\t\t\t<span class=\"elementor-button-text\">Enviar mi petici\u00f3n<\/span>\n\t\t\t\t\t\t\t\t\t\t\t\t\t<\/span>\n\t\t\t\t\t<\/button>\n\t\t\t\t<\/div>\n\t\t\t<\/div>\n\t\t<\/form>\n\t\t\t\t\t\t<\/div>\n\t\t\t\t<\/div>\n\t\t\t\t<\/div>\n\t\t\t\t<\/div>\n\t\t\t\t<\/div>\n\t\t\t\t<\/div>\n\t\t","protected":false},"excerpt":{"rendered":"<p>Tratamiento para el acn\u00e9 en Ibiza Tratamiento: Seg\u00fan Paciente Primera visita gratis Solicitar Informaci\u00f3n El tratamiento del acn\u00e9 debe ser individualizado en cada caso, dependiendo del tipo de acn\u00e9, de su severidad y de la edad del paciente. Nuestro profesional m\u00e9dico realizar\u00e1 un estudio encaminado a conocer qu\u00e9 tipo de acn\u00e9 es el suyo, y [&hellip;]<\/p>\n","protected":false},"author":1,"featured_media":0,"parent":81,"menu_order":0,"comment_status":"closed","ping_status":"closed","template":"","meta":{"footnotes":""},"class_list":["post-93","page","type-page","status-publish","hentry"],"yoast_head":"<!-- This site is optimized with the Yoast SEO plugin v24.7 - https:\/\/yoast.com\/wordpress\/plugins\/seo\/ -->\n<title>Tratamiento para el Acn\u00e9 en Ibiza | Galeno Clinic Est\u00e9tica<\/title>\n<meta name=\"description\" content=\"Mejora la salud de tu piel con un tratamiento eficaz contra el acn\u00e9. Resultados visibles en Galeno Clinic Est\u00e9tica, Ibiza.\" \/>\n<meta name=\"robots\" content=\"index, follow, max-snippet:-1, max-image-preview:large, max-video-preview:-1\" \/>\n<link rel=\"canonical\" href=\"https:\/\/galenoclinic.com\/estetica\/servicios\/tratamientos-faciales\/acne\/\" \/>\n<meta property=\"og:locale\" content=\"es_ES\" \/>\n<meta property=\"og:type\" content=\"article\" \/>\n<meta property=\"og:title\" content=\"Tratamiento para el Acn\u00e9 en Ibiza | Galeno Clinic Est\u00e9tica\" \/>\n<meta property=\"og:description\" content=\"Mejora la salud de tu piel con un tratamiento eficaz contra el acn\u00e9. Resultados visibles en Galeno Clinic Est\u00e9tica, Ibiza.\" \/>\n<meta property=\"og:url\" content=\"https:\/\/galenoclinic.com\/estetica\/servicios\/tratamientos-faciales\/acne\/\" \/>\n<meta property=\"og:site_name\" content=\"Galeno Clinic Est\u00e9tica\" \/>\n<meta property=\"article:publisher\" content=\"https:\/\/www.facebook.com\/GalenoClinicIbiza\/?locale=es_ES\" \/>\n<meta property=\"article:modified_time\" content=\"2025-03-24T10:00:51+00:00\" \/>\n<meta property=\"og:image\" content=\"https:\/\/galenoclinic.com\/estetica\/wp-content\/uploads\/sites\/3\/2025\/01\/estetica-galeno.png\" \/>\n\t<meta property=\"og:image:width\" content=\"900\" \/>\n\t<meta property=\"og:image:height\" content=\"600\" \/>\n\t<meta property=\"og:image:type\" content=\"image\/png\" \/>\n<meta name=\"twitter:card\" content=\"summary_large_image\" \/>\n<meta name=\"twitter:label1\" content=\"Tiempo de lectura\" \/>\n\t<meta name=\"twitter:data1\" content=\"1 minuto\" \/>\n<script type=\"application\/ld+json\" class=\"yoast-schema-graph\">{\"@context\":\"https:\/\/schema.org\",\"@graph\":[{\"@type\":\"WebPage\",\"@id\":\"https:\/\/galenoclinic.com\/estetica\/servicios\/tratamientos-faciales\/acne\/\",\"url\":\"https:\/\/galenoclinic.com\/estetica\/servicios\/tratamientos-faciales\/acne\/\",\"name\":\"Tratamiento para el Acn\u00e9 en Ibiza | Galeno Clinic Est\u00e9tica\",\"isPartOf\":{\"@id\":\"https:\/\/galenoclinic.com\/estetica\/#website\"},\"datePublished\":\"2025-01-23T13:28:56+00:00\",\"dateModified\":\"2025-03-24T10:00:51+00:00\",\"description\":\"Mejora la salud de tu piel con un tratamiento eficaz contra el acn\u00e9. Resultados visibles en Galeno Clinic Est\u00e9tica, Ibiza.\",\"breadcrumb\":{\"@id\":\"https:\/\/galenoclinic.com\/estetica\/servicios\/tratamientos-faciales\/acne\/#breadcrumb\"},\"inLanguage\":\"es\",\"potentialAction\":[{\"@type\":\"ReadAction\",\"target\":[\"https:\/\/galenoclinic.com\/estetica\/servicios\/tratamientos-faciales\/acne\/\"]}]},{\"@type\":\"BreadcrumbList\",\"@id\":\"https:\/\/galenoclinic.com\/estetica\/servicios\/tratamientos-faciales\/acne\/#breadcrumb\",\"itemListElement\":[{\"@type\":\"ListItem\",\"position\":1,\"name\":\"Home\",\"item\":\"https:\/\/galenoclinic.com\/estetica\/\"},{\"@type\":\"ListItem\",\"position\":2,\"name\":\"Servicios\",\"item\":\"https:\/\/galenoclinic.com\/estetica\/servicios\/\"},{\"@type\":\"ListItem\",\"position\":3,\"name\":\"Tratamientos Faciales\",\"item\":\"https:\/\/galenoclinic.com\/estetica\/servicios\/tratamientos-faciales\/\"},{\"@type\":\"ListItem\",\"position\":4,\"name\":\"Tratamiento para el Acn\u00e9\"}]},{\"@type\":\"WebSite\",\"@id\":\"https:\/\/galenoclinic.com\/estetica\/#website\",\"url\":\"https:\/\/galenoclinic.com\/estetica\/\",\"name\":\"Galeno Clinic Est\u00e9tica\",\"description\":\"Medicina y Cirug\u00eda Est\u00e9tica\",\"publisher\":{\"@id\":\"https:\/\/galenoclinic.com\/estetica\/#organization\"},\"potentialAction\":[{\"@type\":\"SearchAction\",\"target\":{\"@type\":\"EntryPoint\",\"urlTemplate\":\"https:\/\/galenoclinic.com\/estetica\/?s={search_term_string}\"},\"query-input\":{\"@type\":\"PropertyValueSpecification\",\"valueRequired\":true,\"valueName\":\"search_term_string\"}}],\"inLanguage\":\"es\"},{\"@type\":\"Organization\",\"@id\":\"https:\/\/galenoclinic.com\/estetica\/#organization\",\"name\":\"Galeno Clinic Est\u00e9tica\",\"url\":\"https:\/\/galenoclinic.com\/estetica\/\",\"logo\":{\"@type\":\"ImageObject\",\"inLanguage\":\"es\",\"@id\":\"https:\/\/galenoclinic.com\/estetica\/#\/schema\/logo\/image\/\",\"url\":\"https:\/\/galenoclinic.com\/estetica\/wp-content\/uploads\/sites\/3\/2025\/01\/galenoEstetica_favicon.png\",\"contentUrl\":\"https:\/\/galenoclinic.com\/estetica\/wp-content\/uploads\/sites\/3\/2025\/01\/galenoEstetica_favicon.png\",\"width\":128,\"height\":128,\"caption\":\"Galeno Clinic Est\u00e9tica\"},\"image\":{\"@id\":\"https:\/\/galenoclinic.com\/estetica\/#\/schema\/logo\/image\/\"},\"sameAs\":[\"https:\/\/www.facebook.com\/GalenoClinicIbiza\/?locale=es_ES\",\"https:\/\/www.instagram.com\/galeno_clinic_ibiza\/?hl=es\"]}]}<\/script>\n<!-- \/ Yoast SEO plugin. -->","yoast_head_json":{"title":"Tratamiento para el Acn\u00e9 en Ibiza | Galeno Clinic Est\u00e9tica","description":"Mejora la salud de tu piel con un tratamiento eficaz contra el acn\u00e9. Resultados visibles en Galeno Clinic Est\u00e9tica, Ibiza.","robots":{"index":"index","follow":"follow","max-snippet":"max-snippet:-1","max-image-preview":"max-image-preview:large","max-video-preview":"max-video-preview:-1"},"canonical":"https:\/\/galenoclinic.com\/estetica\/servicios\/tratamientos-faciales\/acne\/","og_locale":"es_ES","og_type":"article","og_title":"Tratamiento para el Acn\u00e9 en Ibiza | Galeno Clinic Est\u00e9tica","og_description":"Mejora la salud de tu piel con un tratamiento eficaz contra el acn\u00e9. Resultados visibles en Galeno Clinic Est\u00e9tica, Ibiza.","og_url":"https:\/\/galenoclinic.com\/estetica\/servicios\/tratamientos-faciales\/acne\/","og_site_name":"Galeno Clinic Est\u00e9tica","article_publisher":"https:\/\/www.facebook.com\/GalenoClinicIbiza\/?locale=es_ES","article_modified_time":"2025-03-24T10:00:51+00:00","og_image":[{"width":900,"height":600,"url":"https:\/\/galenoclinic.com\/estetica\/wp-content\/uploads\/sites\/3\/2025\/01\/estetica-galeno.png","type":"image\/png"}],"twitter_card":"summary_large_image","twitter_misc":{"Tiempo de lectura":"1 minuto"},"schema":{"@context":"https:\/\/schema.org","@graph":[{"@type":"WebPage","@id":"https:\/\/galenoclinic.com\/estetica\/servicios\/tratamientos-faciales\/acne\/","url":"https:\/\/galenoclinic.com\/estetica\/servicios\/tratamientos-faciales\/acne\/","name":"Tratamiento para el Acn\u00e9 en Ibiza | Galeno Clinic Est\u00e9tica","isPartOf":{"@id":"https:\/\/galenoclinic.com\/estetica\/#website"},"datePublished":"2025-01-23T13:28:56+00:00","dateModified":"2025-03-24T10:00:51+00:00","description":"Mejora la salud de tu piel con un tratamiento eficaz contra el acn\u00e9. Resultados visibles en Galeno Clinic Est\u00e9tica, Ibiza.","breadcrumb":{"@id":"https:\/\/galenoclinic.com\/estetica\/servicios\/tratamientos-faciales\/acne\/#breadcrumb"},"inLanguage":"es","potentialAction":[{"@type":"ReadAction","target":["https:\/\/galenoclinic.com\/estetica\/servicios\/tratamientos-faciales\/acne\/"]}]},{"@type":"BreadcrumbList","@id":"https:\/\/galenoclinic.com\/estetica\/servicios\/tratamientos-faciales\/acne\/#breadcrumb","itemListElement":[{"@type":"ListItem","position":1,"name":"Home","item":"https:\/\/galenoclinic.com\/estetica\/"},{"@type":"ListItem","position":2,"name":"Servicios","item":"https:\/\/galenoclinic.com\/estetica\/servicios\/"},{"@type":"ListItem","position":3,"name":"Tratamientos Faciales","item":"https:\/\/galenoclinic.com\/estetica\/servicios\/tratamientos-faciales\/"},{"@type":"ListItem","position":4,"name":"Tratamiento para el Acn\u00e9"}]},{"@type":"WebSite","@id":"https:\/\/galenoclinic.com\/estetica\/#website","url":"https:\/\/galenoclinic.com\/estetica\/","name":"Galeno Clinic Est\u00e9tica","description":"Medicina y Cirug\u00eda Est\u00e9tica","publisher":{"@id":"https:\/\/galenoclinic.com\/estetica\/#organization"},"potentialAction":[{"@type":"SearchAction","target":{"@type":"EntryPoint","urlTemplate":"https:\/\/galenoclinic.com\/estetica\/?s={search_term_string}"},"query-input":{"@type":"PropertyValueSpecification","valueRequired":true,"valueName":"search_term_string"}}],"inLanguage":"es"},{"@type":"Organization","@id":"https:\/\/galenoclinic.com\/estetica\/#organization","name":"Galeno Clinic Est\u00e9tica","url":"https:\/\/galenoclinic.com\/estetica\/","logo":{"@type":"ImageObject","inLanguage":"es","@id":"https:\/\/galenoclinic.com\/estetica\/#\/schema\/logo\/image\/","url":"https:\/\/galenoclinic.com\/estetica\/wp-content\/uploads\/sites\/3\/2025\/01\/galenoEstetica_favicon.png","contentUrl":"https:\/\/galenoclinic.com\/estetica\/wp-content\/uploads\/sites\/3\/2025\/01\/galenoEstetica_favicon.png","width":128,"height":128,"caption":"Galeno Clinic Est\u00e9tica"},"image":{"@id":"https:\/\/galenoclinic.com\/estetica\/#\/schema\/logo\/image\/"},"sameAs":["https:\/\/www.facebook.com\/GalenoClinicIbiza\/?locale=es_ES","https:\/\/www.instagram.com\/galeno_clinic_ibiza\/?hl=es"]}]}},"_links":{"self":[{"href":"https:\/\/galenoclinic.com\/estetica\/wp-json\/wp\/v2\/pages\/93","targetHints":{"allow":["GET"]}}],"collection":[{"href":"https:\/\/galenoclinic.com\/estetica\/wp-json\/wp\/v2\/pages"}],"about":[{"href":"https:\/\/galenoclinic.com\/estetica\/wp-json\/wp\/v2\/types\/page"}],"author":[{"embeddable":true,"href":"https:\/\/galenoclinic.com\/estetica\/wp-json\/wp\/v2\/users\/1"}],"replies":[{"embeddable":true,"href":"https:\/\/galenoclinic.com\/estetica\/wp-json\/wp\/v2\/comments?post=93"}],"version-history":[{"count":25,"href":"https:\/\/galenoclinic.com\/estetica\/wp-json\/wp\/v2\/pages\/93\/revisions"}],"predecessor-version":[{"id":1773,"href":"https:\/\/galenoclinic.com\/estetica\/wp-json\/wp\/v2\/pages\/93\/revisions\/1773"}],"up":[{"embeddable":true,"href":"https:\/\/galenoclinic.com\/estetica\/wp-json\/wp\/v2\/pages\/81"}],"wp:attachment":[{"href":"https:\/\/galenoclinic.com\/estetica\/wp-json\/wp\/v2\/media?parent=93"}],"curies":[{"name":"wp","href":"https:\/\/api.w.org\/{rel}","templated":true}]}}